{"id":884,"date":"2022-06-23T11:39:36","date_gmt":"2022-06-23T09:39:36","guid":{"rendered":"http:\/\/luxessentiel.org\/?post_type=product&#038;p=884"},"modified":"2026-01-13T16:21:52","modified_gmt":"2026-01-13T15:21:52","slug":"l-gugul","status":"publish","type":"product","link":"https:\/\/luxessentiel.org\/index.php\/produit\/l-gugul\/","title":{"rendered":"L GUGGUL"},"content":{"rendered":"<div class=\"Infoscomplentaires\">\n<div class=\"Tableau\">\n<h4><strong>Composition :<\/strong><\/h4>\n<hr class=\"productline\" \/>\n<table>\n<tbody>\n<tr>\n<th class=\"formule\">FORMULE (mg)<\/th>\n<th class=\"1gel\">pour 3 g\u00e9l.<\/th>\n<\/tr>\n<tr>\n<td>Extrait de r\u00e9sine de guggul (commiphora mukul)<\/td>\n<td>600 mg<\/td>\n<\/tr>\n<tr>\n<td>Support : maltodextrine<\/td>\n<td><\/td>\n<\/tr>\n<tr>\n<td>tunique : G\u00e9latine<\/td>\n<td><\/td>\n<\/tr>\n<\/tbody>\n<\/table>\n<p><em>*AR : Apports recommand\u00e9s<\/em><\/p>\n<\/div>\n<div class=\"Contreindic\">\n<h4><strong>Contre-indication \/ pr\u00e9cautions d&#8217;emploi :<\/strong><\/h4>\n<hr class=\"productline\" \/>\n<ul>\n<li style=\"list-style-type: none\">\n<ul>\n<li>D\u00e9conseill\u00e9 aux femmes enceintes et allaitantes<\/li>\n<li>D\u00e9conseill\u00e9 aux enfants de moins de 12 ans<\/li>\n<\/ul>\n<\/li>\n<\/ul>\n<\/div>\n<\/div>\n","protected":false},"excerpt":{"rendered":"<h3><strong>Maintient l&rsquo;\u00e9quilibre des hormones thyro\u00efdiennes<\/strong><\/h3>\n<p>Guggul petit arbuste, la r\u00e9sine est utilis\u00e9 depuis des si\u00e8cles en m\u00e9decine ayurv\u00e9dique<\/p>\n<p><img loading=\"lazy\" decoding=\"async\" class=\"alignnone size-full wp-image-545\" src=\"https:\/\/luxessentiel.org\/wp-content\/uploads\/2022\/06\/info_32px.png\" alt=\"\" width=\"32\" height=\"32\" \/> 12<em>0 g\u00e9lules<\/em><\/p>\n<p><img loading=\"lazy\" decoding=\"async\" class=\"alignnone size-full wp-image-546\" src=\"https:\/\/luxessentiel.org\/wp-content\/uploads\/2022\/06\/more_info_32px.png\" alt=\"\" width=\"32\" height=\"32\" \/>\u00a0 <em>2 \u00e0 3 g\u00e9lules par jour<\/em><\/p>\n<p><img loading=\"lazy\" decoding=\"async\" class=\"alignnone size-full wp-image-399\" src=\"https:\/\/luxessentiel.org\/wp-content\/uploads\/2022\/05\/natural_food_32px.png\" alt=\"\" width=\"32\" height=\"32\" \/>\u00a0 <em>Emballage 100% v\u00e9g\u00e9tal<\/em><\/p>\n","protected":false},"featured_media":1100,"template":"","meta":{"site-sidebar-layout":"default","site-content-layout":"default","ast-site-content-layout":"default","site-content-style":"default","site-sidebar-style":"default","ast-global-header-display":"","ast-banner-title-visibility":"","ast-main-header-display":"","ast-hfb-above-header-display":"","ast-hfb-below-header-display":"","ast-hfb-mobile-header-display":"","site-post-title":"","ast-breadcrumbs-content":"","ast-featured-img":"","footer-sml-layout":"","theme-transparent-header-meta":"default","adv-header-id-meta":"","stick-header-meta":"","header-above-stick-meta":"","header-main-stick-meta":"","header-below-stick-meta":"","astra-migrate-meta-layouts":"set","ast-page-background-enabled":"default","ast-page-background-meta":{"desktop":{"background-color":"var(--ast-global-color-4)","background-image":"","background-repeat":"repeat","background-position":"center center","background-size":"auto","background-attachment":"scroll","background-type":"","background-media":"","overlay-type":"","overlay-color":"","overlay-opacity":"","overlay-gradient":""},"tablet":{"background-color":"","background-image":"","background-repeat":"repeat","background-position":"center center","background-size":"auto","background-attachment":"scroll","background-type":"","background-media":"","overlay-type":"","overlay-color":"","overlay-opacity":"","overlay-gradient":""},"mobile":{"background-color":"","background-image":"","background-repeat":"repeat","background-position":"center center","background-size":"auto","background-attachment":"scroll","background-type":"","background-media":"","overlay-type":"","overlay-color":"","overlay-opacity":"","overlay-gradient":""}},"ast-content-background-meta":{"desktop":{"background-color":"var(--ast-global-color-5)","background-image":"","background-repeat":"repeat","background-position":"center center","background-size":"auto","background-attachment":"scroll","background-type":"","background-media":"","overlay-type":"","overlay-color":"","overlay-opacity":"","overlay-gradient":""},"tablet":{"background-color":"var(--ast-global-color-5)","background-image":"","background-repeat":"repeat","background-position":"center center","background-size":"auto","background-attachment":"scroll","background-type":"","background-media":"","overlay-type":"","overlay-color":"","overlay-opacity":"","overlay-gradient":""},"mobile":{"background-color":"var(--ast-global-color-5)","background-image":"","background-repeat":"repeat","background-position":"center center","background-size":"auto","background-attachment":"scroll","background-type":"","background-media":"","overlay-type":"","overlay-color":"","overlay-opacity":"","overlay-gradient":""}}},"product_brand":[],"product_cat":[28],"product_tag":[],"class_list":{"0":"post-884","1":"product","2":"type-product","3":"status-publish","4":"has-post-thumbnail","6":"product_cat-algues-champignons","7":"desktop-align-left","8":"tablet-align-left","9":"mobile-align-left","11":"first","12":"instock","13":"taxable","14":"shipping-taxable","15":"purchasable","16":"product-type-simple"},"aioseo_notices":[],"jetpack-related-posts":[{"id":876,"url":"https:\/\/luxessentiel.org\/index.php\/produit\/l-memo\/","url_meta":{"origin":884,"position":0},"title":"L MEMO","author":"luxessentiel_wp_adm","date":"23 juin 2022","format":false,"excerpt":"Tonus c\u00e9r\u00e9bral Am\u00e9liore la m\u00e9moire, lutte contre les fatigues intellectuelles 90 g\u00e9lules \u00a0 1 \u00e0 2 g\u00e9lules par jour \u00a0 Emballage 100% v\u00e9g\u00e9tal \u00a0 Produits Fran\u00e7ais","rel":"","context":"Article similaire","block_context":{"text":"Article similaire","link":""},"img":{"alt_text":"","src":"https:\/\/i0.wp.com\/luxessentiel.org\/wp-content\/uploads\/2022\/06\/03_LMEMO-scaled-1.jpg?resize=350%2C200&ssl=1","width":350,"height":200,"srcset":"https:\/\/i0.wp.com\/luxessentiel.org\/wp-content\/uploads\/2022\/06\/03_LMEMO-scaled-1.jpg?resize=350%2C200&ssl=1 1x, https:\/\/i0.wp.com\/luxessentiel.org\/wp-content\/uploads\/2022\/06\/03_LMEMO-scaled-1.jpg?resize=525%2C300&ssl=1 1.5x, https:\/\/i0.wp.com\/luxessentiel.org\/wp-content\/uploads\/2022\/06\/03_LMEMO-scaled-1.jpg?resize=700%2C400&ssl=1 2x, https:\/\/i0.wp.com\/luxessentiel.org\/wp-content\/uploads\/2022\/06\/03_LMEMO-scaled-1.jpg?resize=1050%2C600&ssl=1 3x, https:\/\/i0.wp.com\/luxessentiel.org\/wp-content\/uploads\/2022\/06\/03_LMEMO-scaled-1.jpg?resize=1400%2C800&ssl=1 4x"},"classes":[]},{"id":1282,"url":"https:\/\/luxessentiel.org\/index.php\/produit\/l-c-digest\/","url_meta":{"origin":884,"position":1},"title":"L C DIGEST","author":"Paul RAMIARA","date":"20 d\u00e9cembre 2022","format":false,"excerpt":"Favorise la digestion et renforce les d\u00e9fenses naturelles \u00a0 100 g\u00e9lules 1 \u00e0 2 g\u00e9lules par jour 1\u20442 heure avant les repas (Commencer par une g\u00e9lule par jour pendant 10 Jours ) \u00a0 Emballage 100% v\u00e9g\u00e9tal \u00a0 Produits Fran\u00e7ais","rel":"","context":"Article similaire","block_context":{"text":"Article similaire","link":""},"img":{"alt_text":"","src":"https:\/\/i0.wp.com\/luxessentiel.org\/wp-content\/uploads\/2022\/12\/LC-DIGEST-scaled.jpg?resize=350%2C200&ssl=1","width":350,"height":200,"srcset":"https:\/\/i0.wp.com\/luxessentiel.org\/wp-content\/uploads\/2022\/12\/LC-DIGEST-scaled.jpg?resize=350%2C200&ssl=1 1x, https:\/\/i0.wp.com\/luxessentiel.org\/wp-content\/uploads\/2022\/12\/LC-DIGEST-scaled.jpg?resize=525%2C300&ssl=1 1.5x, https:\/\/i0.wp.com\/luxessentiel.org\/wp-content\/uploads\/2022\/12\/LC-DIGEST-scaled.jpg?resize=700%2C400&ssl=1 2x, https:\/\/i0.wp.com\/luxessentiel.org\/wp-content\/uploads\/2022\/12\/LC-DIGEST-scaled.jpg?resize=1050%2C600&ssl=1 3x, https:\/\/i0.wp.com\/luxessentiel.org\/wp-content\/uploads\/2022\/12\/LC-DIGEST-scaled.jpg?resize=1400%2C800&ssl=1 4x"},"classes":[]},{"id":877,"url":"https:\/\/luxessentiel.org\/index.php\/produit\/l-virofort\/","url_meta":{"origin":884,"position":2},"title":"L VIROFORT","author":"luxessentiel_wp_adm","date":"23 juin 2022","format":false,"excerpt":"Soutien des d\u00e9fenses naturelles et du moral Am\u00e9liore la respiration et accompagne les longues convalescences 90 g\u00e9lules \u00a0 1 \u00e0 2\u00a0g\u00e9lules par jour \u00a0 Emballage 100% v\u00e9g\u00e9tal \u00a0 Produits Fran\u00e7ais","rel":"","context":"Article similaire","block_context":{"text":"Article similaire","link":""},"img":{"alt_text":"","src":"https:\/\/i0.wp.com\/luxessentiel.org\/wp-content\/uploads\/2022\/06\/03_LVIROFORT-scaled-1.jpg?resize=350%2C200&ssl=1","width":350,"height":200,"srcset":"https:\/\/i0.wp.com\/luxessentiel.org\/wp-content\/uploads\/2022\/06\/03_LVIROFORT-scaled-1.jpg?resize=350%2C200&ssl=1 1x, https:\/\/i0.wp.com\/luxessentiel.org\/wp-content\/uploads\/2022\/06\/03_LVIROFORT-scaled-1.jpg?resize=525%2C300&ssl=1 1.5x, https:\/\/i0.wp.com\/luxessentiel.org\/wp-content\/uploads\/2022\/06\/03_LVIROFORT-scaled-1.jpg?resize=700%2C400&ssl=1 2x, https:\/\/i0.wp.com\/luxessentiel.org\/wp-content\/uploads\/2022\/06\/03_LVIROFORT-scaled-1.jpg?resize=1050%2C600&ssl=1 3x, https:\/\/i0.wp.com\/luxessentiel.org\/wp-content\/uploads\/2022\/06\/03_LVIROFORT-scaled-1.jpg?resize=1400%2C800&ssl=1 4x"},"classes":[]},{"id":1333,"url":"https:\/\/luxessentiel.org\/index.php\/produit\/acide-r-alpha-lipoique\/","url_meta":{"origin":884,"position":3},"title":"ACIDE-R-ALPHA-LIPO\u00cfQUE","author":"Paul RAMIARA","date":"19 janvier 2023","format":false,"excerpt":"R\u00e9gulateur de l'oxydo-r\u00e9duction Protecteur et co-facteur n\u00e9cessaire \u00e0 la production d'\u00e9nergie. 60 g\u00e9lules \u00a0 2 \u00e0 6 g\u00e9lules par jour \u00a0 Emballage 100% v\u00e9g\u00e9tal \u00a0 Produits Fran\u00e7ais","rel":"","context":"Article similaire","block_context":{"text":"Article similaire","link":""},"img":{"alt_text":"","src":"https:\/\/i0.wp.com\/luxessentiel.org\/wp-content\/uploads\/2023\/01\/01_LACIDE-R-scaled.jpg?resize=350%2C200&ssl=1","width":350,"height":200,"srcset":"https:\/\/i0.wp.com\/luxessentiel.org\/wp-content\/uploads\/2023\/01\/01_LACIDE-R-scaled.jpg?resize=350%2C200&ssl=1 1x, https:\/\/i0.wp.com\/luxessentiel.org\/wp-content\/uploads\/2023\/01\/01_LACIDE-R-scaled.jpg?resize=525%2C300&ssl=1 1.5x, https:\/\/i0.wp.com\/luxessentiel.org\/wp-content\/uploads\/2023\/01\/01_LACIDE-R-scaled.jpg?resize=700%2C400&ssl=1 2x, https:\/\/i0.wp.com\/luxessentiel.org\/wp-content\/uploads\/2023\/01\/01_LACIDE-R-scaled.jpg?resize=1050%2C600&ssl=1 3x, https:\/\/i0.wp.com\/luxessentiel.org\/wp-content\/uploads\/2023\/01\/01_LACIDE-R-scaled.jpg?resize=1400%2C800&ssl=1 4x"},"classes":[]},{"id":854,"url":"https:\/\/luxessentiel.org\/index.php\/produit\/l-vitm\/","url_meta":{"origin":884,"position":4},"title":"L VIT\u2019M","author":"luxessentiel_wp_adm","date":"23 juin 2022","format":false,"excerpt":"Soutient les \u00e9tats de fatigues passag\u00e8res Pour les s\u00e9niors ou encore les sportifs, la formule pr\u00e9vient les \u00e9tats de fatigue g\u00e9n\u00e9rale et accompagne les convalescences 90 g\u00e9lules \u00a0 1 \u00e0 3 g\u00e9lules par jour \u00a0 Emballage 100% v\u00e9g\u00e9tal \u00a0 Produits Fran\u00e7ais","rel":"","context":"Article similaire","block_context":{"text":"Article similaire","link":""},"img":{"alt_text":"","src":"https:\/\/i0.wp.com\/luxessentiel.org\/wp-content\/uploads\/2022\/06\/01_LVITM-scaled-1.jpg?resize=350%2C200&ssl=1","width":350,"height":200,"srcset":"https:\/\/i0.wp.com\/luxessentiel.org\/wp-content\/uploads\/2022\/06\/01_LVITM-scaled-1.jpg?resize=350%2C200&ssl=1 1x, https:\/\/i0.wp.com\/luxessentiel.org\/wp-content\/uploads\/2022\/06\/01_LVITM-scaled-1.jpg?resize=525%2C300&ssl=1 1.5x, https:\/\/i0.wp.com\/luxessentiel.org\/wp-content\/uploads\/2022\/06\/01_LVITM-scaled-1.jpg?resize=700%2C400&ssl=1 2x, https:\/\/i0.wp.com\/luxessentiel.org\/wp-content\/uploads\/2022\/06\/01_LVITM-scaled-1.jpg?resize=1050%2C600&ssl=1 3x, https:\/\/i0.wp.com\/luxessentiel.org\/wp-content\/uploads\/2022\/06\/01_LVITM-scaled-1.jpg?resize=1400%2C800&ssl=1 4x"},"classes":[]},{"id":872,"url":"https:\/\/luxessentiel.org\/index.php\/produit\/l-reishi\/","url_meta":{"origin":884,"position":5},"title":"L REISHI","author":"luxessentiel_wp_adm","date":"23 juin 2022","format":false,"excerpt":"Soutien l'\u00e9tat g\u00e9n\u00e9ral Formule \u00e0 base de ganoderme lucidum : Champignon de la long\u00e9vit\u00e9 150 g\u00e9lules de 394 mg \u00a0 \u00a0 \u00a0 \u00a0 \u00a0Extrait de Reishi bio 2408 mg pour 8 g\u00e9lules \u00a0 2 \u00e0 3 g\u00e9lules par jour \u00a0 Emballage 100% v\u00e9g\u00e9tal \u00a0 Produits Fran\u00e7ais","rel":"","context":"Article similaire","block_context":{"text":"Article similaire","link":""},"img":{"alt_text":"","src":"https:\/\/i0.wp.com\/luxessentiel.org\/wp-content\/uploads\/2022\/06\/03_LREISHI-scaled-1.jpg?resize=350%2C200&ssl=1","width":350,"height":200,"srcset":"https:\/\/i0.wp.com\/luxessentiel.org\/wp-content\/uploads\/2022\/06\/03_LREISHI-scaled-1.jpg?resize=350%2C200&ssl=1 1x, https:\/\/i0.wp.com\/luxessentiel.org\/wp-content\/uploads\/2022\/06\/03_LREISHI-scaled-1.jpg?resize=525%2C300&ssl=1 1.5x, https:\/\/i0.wp.com\/luxessentiel.org\/wp-content\/uploads\/2022\/06\/03_LREISHI-scaled-1.jpg?resize=700%2C400&ssl=1 2x, https:\/\/i0.wp.com\/luxessentiel.org\/wp-content\/uploads\/2022\/06\/03_LREISHI-scaled-1.jpg?resize=1050%2C600&ssl=1 3x, https:\/\/i0.wp.com\/luxessentiel.org\/wp-content\/uploads\/2022\/06\/03_LREISHI-scaled-1.jpg?resize=1400%2C800&ssl=1 4x"},"classes":[]}],"jetpack_sharing_enabled":true,"_links":{"self":[{"href":"https:\/\/luxessentiel.org\/index.php\/wp-json\/wp\/v2\/product\/884","targetHints":{"allow":["GET"]}}],"collection":[{"href":"https:\/\/luxessentiel.org\/index.php\/wp-json\/wp\/v2\/product"}],"about":[{"href":"https:\/\/luxessentiel.org\/index.php\/wp-json\/wp\/v2\/types\/product"}],"wp:featuredmedia":[{"embeddable":true,"href":"https:\/\/luxessentiel.org\/index.php\/wp-json\/wp\/v2\/media\/1100"}],"wp:attachment":[{"href":"https:\/\/luxessentiel.org\/index.php\/wp-json\/wp\/v2\/media?parent=884"}],"wp:term":[{"taxonomy":"product_brand","embeddable":true,"href":"https:\/\/luxessentiel.org\/index.php\/wp-json\/wp\/v2\/product_brand?post=884"},{"taxonomy":"product_cat","embeddable":true,"href":"https:\/\/luxessentiel.org\/index.php\/wp-json\/wp\/v2\/product_cat?post=884"},{"taxonomy":"product_tag","embeddable":true,"href":"https:\/\/luxessentiel.org\/index.php\/wp-json\/wp\/v2\/product_tag?post=884"}],"curies":[{"name":"wp","href":"https:\/\/api.w.org\/{rel}","templated":true}]}}