{"id":881,"date":"2022-06-23T11:39:35","date_gmt":"2022-06-23T09:39:35","guid":{"rendered":"http:\/\/luxessentiel.org\/?post_type=product&#038;p=881"},"modified":"2022-09-12T11:36:38","modified_gmt":"2022-09-12T09:36:38","slug":"l-essentiel-fluide","status":"publish","type":"product","link":"https:\/\/luxessentiel.org\/index.php\/produit\/l-essentiel-fluide\/","title":{"rendered":"L ESSENTIEL FLUIDE"},"content":{"rendered":"<div class=\"Infoscomplentaires\">\n<div class=\"Tableau\">\n<h4><strong>Composition :<\/strong><\/h4>\n<hr class=\"productline\" \/>\n<table>\n<tbody>\n<tr>\n<th class=\"formule\">FORMULE<\/th>\n<th class=\"1gel\">pour 30mL (6 cuill\u00e8res \u00e0 caf\u00e9)<\/th>\n<\/tr>\n<tr>\n<td>Eucalyptus radiata BIO<\/td>\n<td>60 mg<\/td>\n<\/tr>\n<tr>\n<td>Myrtus communis (myrte sauvage) BIO<\/td>\n<td>60 mg<\/td>\n<\/tr>\n<tr>\n<td>Albies sibirica (Sapin Sib\u00e9rie)<\/td>\n<td>400 mg<\/td>\n<\/tr>\n<tr>\n<td>Cinnamomum zeylanicum (Cannelle) \u00e9corce BIO<\/td>\n<td>400 mg<\/td>\n<\/tr>\n<tr>\n<td>Pinus sylvestris (pin) bourgeons<\/td>\n<td>4 ml (\u00e9q. 3g plante s\u00e8che)<\/td>\n<\/tr>\n<tr>\n<td>Ribes nigrum (cassis) bourgeons<\/td>\n<td>4 ml (\u00e9q. 3g plante s\u00e8che)<\/td>\n<\/tr>\n<tr>\n<td>Verbascum thapsus (bouillon blanc) fleurs<\/td>\n<td>4 ml (\u00e9q. 3g plante s\u00e8che)<\/td>\n<\/tr>\n<tr>\n<td>Grindelia robusta (grindelia) sommit\u00e9<\/td>\n<td>1 ml (\u00e9q. 1g plante fra\u00eeche)<\/td>\n<\/tr>\n<tr>\n<td colspan=\"2\">Gommes Xanthane et d\u2019Acacia, ar\u00f4me naturel Fruits Rouges, Polysorbates, Benzoate de sodium, Sorbate de potassium, Acide citrique. Edulcorant: Extrait de St\u00e9via<\/td>\n<\/tr>\n<tr>\n<td colspan=\"2\">SANS SUCRE SANS ALCOOL (convient aux diab\u00e9tiques)<\/td>\n<\/tr>\n<\/tbody>\n<\/table>\n<\/div>\n<div class=\"Contreindic\">\n<h4><strong>Contre-indication \/ pr\u00e9cautions d&#8217;emploi :<\/strong><\/h4>\n<hr class=\"productline\" \/>\n<ul>\n<li>Respecter les doses journali\u00e8res indiqu\u00e9es<\/li>\n<li>Sauf avis du m\u00e9decin ou du pharmacien, ne pas utiliser pendant la grossesse ou l\u2019allaitement, ni chez l\u2019enfant de moins de 15 ans<\/li>\n<li>Ne pas utiliser plus de 7 jours cons\u00e9cutifs<\/li>\n<\/ul>\n<\/div>\n<\/div>\n","protected":false},"excerpt":{"rendered":"<h3><strong>Renforce les d\u00e9fenses naturelles<\/strong><\/h3>\n<p>Synergie d&rsquo;huiles qui apaise les voies respiratoires et adoucit la gorge<\/p>\n<p><img loading=\"lazy\" decoding=\"async\" class=\"alignnone size-full wp-image-545\" src=\"https:\/\/luxessentiel.org\/wp-content\/uploads\/2022\/06\/info_32px.png\" alt=\"\" width=\"32\" height=\"32\" \/> <em>150 mL<\/em><\/p>\n<p><img loading=\"lazy\" decoding=\"async\" class=\"alignnone size-full wp-image-546\" src=\"https:\/\/luxessentiel.org\/wp-content\/uploads\/2022\/06\/more_info_32px.png\" alt=\"\" width=\"32\" height=\"32\" \/>\u00a0 <em>1 cuill\u00e8re \u00e0 caf\u00e9 par jour<\/em><\/p>\n<p><img loading=\"lazy\" decoding=\"async\" class=\"alignnone size-full wp-image-399\" src=\"https:\/\/luxessentiel.org\/wp-content\/uploads\/2022\/05\/natural_food_32px.png\" alt=\"\" width=\"32\" height=\"32\" \/>\u00a0 <em>Emballage 100% v\u00e9g\u00e9tal<\/em><\/p>\n<p><img loading=\"lazy\" decoding=\"async\" class=\"alignnone size-full wp-image-398\" src=\"https:\/\/luxessentiel.org\/wp-content\/uploads\/2022\/05\/croissant_32px.png\" alt=\"\" width=\"32\" height=\"32\" \/>\u00a0 <em>Produits Fran\u00e7ais<\/em><\/p>\n","protected":false},"featured_media":237,"template":"","meta":{"site-sidebar-layout":"default","site-content-layout":"default","ast-site-content-layout":"default","site-content-style":"default","site-sidebar-style":"default","ast-global-header-display":"","ast-banner-title-visibility":"","ast-main-header-display":"","ast-hfb-above-header-display":"","ast-hfb-below-header-display":"","ast-hfb-mobile-header-display":"","site-post-title":"","ast-breadcrumbs-content":"","ast-featured-img":"","footer-sml-layout":"","theme-transparent-header-meta":"default","adv-header-id-meta":"","stick-header-meta":"","header-above-stick-meta":"","header-main-stick-meta":"","header-below-stick-meta":"","astra-migrate-meta-layouts":"default","ast-page-background-enabled":"default","ast-page-background-meta":{"desktop":{"background-color":"var(--ast-global-color-4)","background-image":"","background-repeat":"repeat","background-position":"center center","background-size":"auto","background-attachment":"scroll","background-type":"","background-media":"","overlay-type":"","overlay-color":"","overlay-opacity":"","overlay-gradient":""},"tablet":{"background-color":"","background-image":"","background-repeat":"repeat","background-position":"center center","background-size":"auto","background-attachment":"scroll","background-type":"","background-media":"","overlay-type":"","overlay-color":"","overlay-opacity":"","overlay-gradient":""},"mobile":{"background-color":"","background-image":"","background-repeat":"repeat","background-position":"center center","background-size":"auto","background-attachment":"scroll","background-type":"","background-media":"","overlay-type":"","overlay-color":"","overlay-opacity":"","overlay-gradient":""}},"ast-content-background-meta":{"desktop":{"background-color":"var(--ast-global-color-5)","background-image":"","background-repeat":"repeat","background-position":"center center","background-size":"auto","background-attachment":"scroll","background-type":"","background-media":"","overlay-type":"","overlay-color":"","overlay-opacity":"","overlay-gradient":""},"tablet":{"background-color":"var(--ast-global-color-5)","background-image":"","background-repeat":"repeat","background-position":"center center","background-size":"auto","background-attachment":"scroll","background-type":"","background-media":"","overlay-type":"","overlay-color":"","overlay-opacity":"","overlay-gradient":""},"mobile":{"background-color":"var(--ast-global-color-5)","background-image":"","background-repeat":"repeat","background-position":"center center","background-size":"auto","background-attachment":"scroll","background-type":"","background-media":"","overlay-type":"","overlay-color":"","overlay-opacity":"","overlay-gradient":""}}},"product_brand":[],"product_cat":[24],"product_tag":[],"class_list":{"0":"post-881","1":"product","2":"type-product","3":"status-publish","4":"has-post-thumbnail","6":"product_cat-huiles-essentielles","7":"desktop-align-left","8":"tablet-align-left","9":"mobile-align-left","11":"first","12":"instock","13":"taxable","14":"shipping-taxable","15":"purchasable","16":"product-type-simple"},"aioseo_notices":[],"jetpack-related-posts":[{"id":885,"url":"https:\/\/luxessentiel.org\/index.php\/produit\/l-depur-actifluid\/","url_meta":{"origin":881,"position":0},"title":"L DEPUR ACTIFLUID","author":"luxessentiel_wp_adm","date":"23 juin 2022","format":false,"excerpt":"Draineur saisonnier am\u00e9liore le fonctionnement du foie Concentration exceptionnel 5ml \u00e9gal \u00e0 5 gr de plantes 50gr de plantes fra\u00eeches 125 mL \u00a0 5 mL par jour \u00e0 diluer dans un verre d\u2019eau \u00a0 Emballage 100% v\u00e9g\u00e9tal","rel":"","context":"Article similaire","block_context":{"text":"Article similaire","link":""},"img":{"alt_text":"","src":"https:\/\/i0.wp.com\/luxessentiel.org\/wp-content\/uploads\/2022\/06\/05_LDEPUR-ACTIFLUID-scaled-1.jpg?resize=350%2C200&ssl=1","width":350,"height":200,"srcset":"https:\/\/i0.wp.com\/luxessentiel.org\/wp-content\/uploads\/2022\/06\/05_LDEPUR-ACTIFLUID-scaled-1.jpg?resize=350%2C200&ssl=1 1x, https:\/\/i0.wp.com\/luxessentiel.org\/wp-content\/uploads\/2022\/06\/05_LDEPUR-ACTIFLUID-scaled-1.jpg?resize=525%2C300&ssl=1 1.5x, https:\/\/i0.wp.com\/luxessentiel.org\/wp-content\/uploads\/2022\/06\/05_LDEPUR-ACTIFLUID-scaled-1.jpg?resize=700%2C400&ssl=1 2x, https:\/\/i0.wp.com\/luxessentiel.org\/wp-content\/uploads\/2022\/06\/05_LDEPUR-ACTIFLUID-scaled-1.jpg?resize=1050%2C600&ssl=1 3x, https:\/\/i0.wp.com\/luxessentiel.org\/wp-content\/uploads\/2022\/06\/05_LDEPUR-ACTIFLUID-scaled-1.jpg?resize=1400%2C800&ssl=1 4x"},"classes":[]},{"id":882,"url":"https:\/\/luxessentiel.org\/index.php\/produit\/l-imu-fluide\/","url_meta":{"origin":881,"position":1},"title":"L IMU FLUIDE","author":"luxessentiel_wp_adm","date":"23 juin 2022","format":false,"excerpt":"Renforce les d\u00e9fenses naturelles Permet de r\u00e9sister aux affections hivernales 125 mL \u00a0 5 mL par jour \u00e0 diluer dans un verre d'eau \u00a0 Emballage 100% v\u00e9g\u00e9tal \u00a0 Produits Fran\u00e7ais","rel":"","context":"Article similaire","block_context":{"text":"Article similaire","link":""},"img":{"alt_text":"","src":"https:\/\/i0.wp.com\/luxessentiel.org\/wp-content\/uploads\/2022\/06\/05_LIMU-FLUIDE-scaled-1.jpg?resize=350%2C200&ssl=1","width":350,"height":200,"srcset":"https:\/\/i0.wp.com\/luxessentiel.org\/wp-content\/uploads\/2022\/06\/05_LIMU-FLUIDE-scaled-1.jpg?resize=350%2C200&ssl=1 1x, https:\/\/i0.wp.com\/luxessentiel.org\/wp-content\/uploads\/2022\/06\/05_LIMU-FLUIDE-scaled-1.jpg?resize=525%2C300&ssl=1 1.5x, https:\/\/i0.wp.com\/luxessentiel.org\/wp-content\/uploads\/2022\/06\/05_LIMU-FLUIDE-scaled-1.jpg?resize=700%2C400&ssl=1 2x, https:\/\/i0.wp.com\/luxessentiel.org\/wp-content\/uploads\/2022\/06\/05_LIMU-FLUIDE-scaled-1.jpg?resize=1050%2C600&ssl=1 3x, https:\/\/i0.wp.com\/luxessentiel.org\/wp-content\/uploads\/2022\/06\/05_LIMU-FLUIDE-scaled-1.jpg?resize=1400%2C800&ssl=1 4x"},"classes":[]},{"id":883,"url":"https:\/\/luxessentiel.org\/index.php\/produit\/l-pamplemousse\/","url_meta":{"origin":881,"position":2},"title":"L PAMPLEMOUSSE","author":"luxessentiel_wp_adm","date":"23 juin 2022","format":false,"excerpt":"Renforce les d\u00e9fenses naturelles Extrait de p\u00e9pins de pamplemousses aux actions pr\u00e9ventives multiples 125 mL \u00a0 5 mL par jour \u00e0 diluer dans un verre d'eau \u00a0 Emballage 100% v\u00e9g\u00e9tal \u00a0 Produits Fran\u00e7ais","rel":"","context":"Article similaire","block_context":{"text":"Article similaire","link":""},"img":{"alt_text":"","src":"https:\/\/i0.wp.com\/luxessentiel.org\/wp-content\/uploads\/2022\/06\/05_LPAMPLEMOUSSE-scaled-1.jpg?resize=350%2C200&ssl=1","width":350,"height":200,"srcset":"https:\/\/i0.wp.com\/luxessentiel.org\/wp-content\/uploads\/2022\/06\/05_LPAMPLEMOUSSE-scaled-1.jpg?resize=350%2C200&ssl=1 1x, https:\/\/i0.wp.com\/luxessentiel.org\/wp-content\/uploads\/2022\/06\/05_LPAMPLEMOUSSE-scaled-1.jpg?resize=525%2C300&ssl=1 1.5x, https:\/\/i0.wp.com\/luxessentiel.org\/wp-content\/uploads\/2022\/06\/05_LPAMPLEMOUSSE-scaled-1.jpg?resize=700%2C400&ssl=1 2x, https:\/\/i0.wp.com\/luxessentiel.org\/wp-content\/uploads\/2022\/06\/05_LPAMPLEMOUSSE-scaled-1.jpg?resize=1050%2C600&ssl=1 3x, https:\/\/i0.wp.com\/luxessentiel.org\/wp-content\/uploads\/2022\/06\/05_LPAMPLEMOUSSE-scaled-1.jpg?resize=1400%2C800&ssl=1 4x"},"classes":[]},{"id":862,"url":"https:\/\/luxessentiel.org\/index.php\/produit\/l-acti-biote\/","url_meta":{"origin":881,"position":3},"title":"L ACTI BIOTE","author":"luxessentiel_wp_adm","date":"23 juin 2022","format":false,"excerpt":"Maintien du bien-\u00eatre intestinal Nourrit le mucus de l'intestin 60 g\u00e9lules \u00a0 1 g\u00e9lule par jour \u00a0 Emballage 100% v\u00e9g\u00e9tal \u00a0 Produits Fran\u00e7ais","rel":"","context":"Article similaire","block_context":{"text":"Article similaire","link":""},"img":{"alt_text":"","src":"https:\/\/i0.wp.com\/luxessentiel.org\/wp-content\/uploads\/2022\/06\/02_LACTIBIOTE-scaled-1.jpg?resize=350%2C200&ssl=1","width":350,"height":200,"srcset":"https:\/\/i0.wp.com\/luxessentiel.org\/wp-content\/uploads\/2022\/06\/02_LACTIBIOTE-scaled-1.jpg?resize=350%2C200&ssl=1 1x, https:\/\/i0.wp.com\/luxessentiel.org\/wp-content\/uploads\/2022\/06\/02_LACTIBIOTE-scaled-1.jpg?resize=525%2C300&ssl=1 1.5x, https:\/\/i0.wp.com\/luxessentiel.org\/wp-content\/uploads\/2022\/06\/02_LACTIBIOTE-scaled-1.jpg?resize=700%2C400&ssl=1 2x, https:\/\/i0.wp.com\/luxessentiel.org\/wp-content\/uploads\/2022\/06\/02_LACTIBIOTE-scaled-1.jpg?resize=1050%2C600&ssl=1 3x, https:\/\/i0.wp.com\/luxessentiel.org\/wp-content\/uploads\/2022\/06\/02_LACTIBIOTE-scaled-1.jpg?resize=1400%2C800&ssl=1 4x"},"classes":[]},{"id":2810,"url":"https:\/\/luxessentiel.org\/index.php\/produit\/l-desmodium\/","url_meta":{"origin":881,"position":4},"title":"L DESMODIUM","author":"Paul RAMIARA","date":"7 juin 2024","format":false,"excerpt":"Protection de la cellule h\u00e9patique\u00a0 \u00a0 125 mL\u00a0\u00a0 \u00a0 3 \u00e0 5 mL (1\/2 cuil. \u00e0 caf\u00e9) par jour \u00a0 Emballage 100% v\u00e9g\u00e9tal \u00a0 Produits Fran\u00e7ais","rel":"","context":"Article similaire","block_context":{"text":"Article similaire","link":""},"img":{"alt_text":"","src":"https:\/\/i0.wp.com\/luxessentiel.org\/wp-content\/uploads\/2024\/06\/XX01_LDESMODIUM-scaled.jpg?resize=350%2C200&ssl=1","width":350,"height":200,"srcset":"https:\/\/i0.wp.com\/luxessentiel.org\/wp-content\/uploads\/2024\/06\/XX01_LDESMODIUM-scaled.jpg?resize=350%2C200&ssl=1 1x, https:\/\/i0.wp.com\/luxessentiel.org\/wp-content\/uploads\/2024\/06\/XX01_LDESMODIUM-scaled.jpg?resize=525%2C300&ssl=1 1.5x, https:\/\/i0.wp.com\/luxessentiel.org\/wp-content\/uploads\/2024\/06\/XX01_LDESMODIUM-scaled.jpg?resize=700%2C400&ssl=1 2x, https:\/\/i0.wp.com\/luxessentiel.org\/wp-content\/uploads\/2024\/06\/XX01_LDESMODIUM-scaled.jpg?resize=1050%2C600&ssl=1 3x, https:\/\/i0.wp.com\/luxessentiel.org\/wp-content\/uploads\/2024\/06\/XX01_LDESMODIUM-scaled.jpg?resize=1400%2C800&ssl=1 4x"},"classes":[]},{"id":863,"url":"https:\/\/luxessentiel.org\/index.php\/produit\/l-essentiel\/","url_meta":{"origin":881,"position":5},"title":"L ESSENTIEL","author":"luxessentiel_wp_adm","date":"23 juin 2022","format":false,"excerpt":"Renforce les d\u00e9fenses naturelles Synergie d'huiles qui apaise les voies respiratoires et adoucit la gorge 60 g\u00e9lules \u00a0 1 \u00e0 2 g\u00e9lules par jour \u00a0 Emballage 100% v\u00e9g\u00e9tal \u00a0 Produits Fran\u00e7ais","rel":"","context":"Article similaire","block_context":{"text":"Article similaire","link":""},"img":{"alt_text":"","src":"https:\/\/i0.wp.com\/luxessentiel.org\/wp-content\/uploads\/2022\/06\/05_LESSENTIEL-scaled-1.jpg?resize=350%2C200&ssl=1","width":350,"height":200,"srcset":"https:\/\/i0.wp.com\/luxessentiel.org\/wp-content\/uploads\/2022\/06\/05_LESSENTIEL-scaled-1.jpg?resize=350%2C200&ssl=1 1x, https:\/\/i0.wp.com\/luxessentiel.org\/wp-content\/uploads\/2022\/06\/05_LESSENTIEL-scaled-1.jpg?resize=525%2C300&ssl=1 1.5x, https:\/\/i0.wp.com\/luxessentiel.org\/wp-content\/uploads\/2022\/06\/05_LESSENTIEL-scaled-1.jpg?resize=700%2C400&ssl=1 2x, https:\/\/i0.wp.com\/luxessentiel.org\/wp-content\/uploads\/2022\/06\/05_LESSENTIEL-scaled-1.jpg?resize=1050%2C600&ssl=1 3x, https:\/\/i0.wp.com\/luxessentiel.org\/wp-content\/uploads\/2022\/06\/05_LESSENTIEL-scaled-1.jpg?resize=1400%2C800&ssl=1 4x"},"classes":[]}],"jetpack_sharing_enabled":true,"_links":{"self":[{"href":"https:\/\/luxessentiel.org\/index.php\/wp-json\/wp\/v2\/product\/881","targetHints":{"allow":["GET"]}}],"collection":[{"href":"https:\/\/luxessentiel.org\/index.php\/wp-json\/wp\/v2\/product"}],"about":[{"href":"https:\/\/luxessentiel.org\/index.php\/wp-json\/wp\/v2\/types\/product"}],"wp:featuredmedia":[{"embeddable":true,"href":"https:\/\/luxessentiel.org\/index.php\/wp-json\/wp\/v2\/media\/237"}],"wp:attachment":[{"href":"https:\/\/luxessentiel.org\/index.php\/wp-json\/wp\/v2\/media?parent=881"}],"wp:term":[{"taxonomy":"product_brand","embeddable":true,"href":"https:\/\/luxessentiel.org\/index.php\/wp-json\/wp\/v2\/product_brand?post=881"},{"taxonomy":"product_cat","embeddable":true,"href":"https:\/\/luxessentiel.org\/index.php\/wp-json\/wp\/v2\/product_cat?post=881"},{"taxonomy":"product_tag","embeddable":true,"href":"https:\/\/luxessentiel.org\/index.php\/wp-json\/wp\/v2\/product_tag?post=881"}],"curies":[{"name":"wp","href":"https:\/\/api.w.org\/{rel}","templated":true}]}}