{"id":853,"date":"2022-06-23T11:39:18","date_gmt":"2022-06-23T09:39:18","guid":{"rendered":"http:\/\/luxessentiel.org\/?post_type=product&#038;p=853"},"modified":"2025-11-06T18:04:31","modified_gmt":"2025-11-06T17:04:31","slug":"l-vitamine-b","status":"publish","type":"product","link":"https:\/\/luxessentiel.org\/index.php\/produit\/l-vitamine-b\/","title":{"rendered":"L VITAMINE B"},"content":{"rendered":"<div class=\"Infoscomplentaires\">\n<div class=\"Tableau\">\n<h4><strong>Composition :<\/strong><\/h4>\n<hr class=\"productline\" \/>\n<table>\n<tbody>\n<tr>\n<th class=\"formule\">FORMULE (mg)<\/th>\n<th class=\"1gel\">pour 1 g\u00e9l.<\/th>\n<\/tr>\n<tr>\n<td>Vitamine B3<\/td>\n<td>54 mg soit 337% des AR*<\/td>\n<\/tr>\n<tr>\n<td>Vitamine B5<\/td>\n<td>18 mg soit 300% des AR*<\/td>\n<\/tr>\n<tr>\n<td>Vitamine B6<\/td>\n<td>5,4 mg soit 385% des AR*<\/td>\n<\/tr>\n<tr>\n<td>Vitamine B2<\/td>\n<td>4,8 mg soit 385% des AR*<\/td>\n<\/tr>\n<tr>\n<td>Vitamine B1<\/td>\n<td>4,2 mg soit 381% des AR*<\/td>\n<\/tr>\n<tr>\n<td>Vitamine B8<\/td>\n<td>150 \u03bcg soit 300% des AR*<\/td>\n<\/tr>\n<tr>\n<td>Vitamine B9<\/td>\n<td>200 \u03bcg soit 100% des AR*<\/td>\n<\/tr>\n<tr>\n<td>Vitamine B12<\/td>\n<td>23 \u03bcg soit 120% des AR*<\/td>\n<\/tr>\n<tr>\n<td>Magn\u00e9sium gluconate<\/td>\n<td>250 mg dont magn\u00e9sium 21 mg soit 7% des AR*<\/td>\n<\/tr>\n<tr>\n<td>G\u00e9latine v\u00e9g\u00e9tale<\/td>\n<td><\/td>\n<\/tr>\n<\/tbody>\n<\/table>\n<p><em>*AR : Apports recommand\u00e9s<\/em><\/p>\n<\/div>\n<div class=\"Contreindic\">\n<h4><strong>Contre-indication \/ pr\u00e9cautions d&#8217;emploi :<\/strong><\/h4>\n<hr class=\"productline\" \/>\n<ul>\n<li>La prise de plus de 100 mg par jour de vitamine B3 sous forme de niacine provoque fr\u00e9quemment des bouff\u00e9es congestives (bouff\u00e9es de chaleur) qui peuvent \u00eatre accompagn\u00e9es de maux d\u2019estomac, de d\u00e9mangeaisons et de migraines. Chez des personnes sensibles, ces effets peuvent appara\u00eetre \u00e0 des doses de 35 mg par jour, parfois m\u00eame inf\u00e9rieures<\/li>\n<li>Des cas de neuropathie p\u00e9riph\u00e9rique, g\u00e9n\u00e9ralement r\u00e9versibles, ont \u00e9t\u00e9 rapport\u00e9s \u00e0 des doses de vitamine B6 (pyridoxine) sup\u00e9rieures \u00e0 200 mg par jour<\/li>\n<li>Des doses de vitamine B9 sup\u00e9rieures ou \u00e9gales \u00e0 5 mg par jour peuvent causer des troubles digestifs<\/li>\n<li>De fortes doses de vitamine B12 peuvent aggraver l\u2019acn\u00e9<\/li>\n<li>Contre-indication cancers<\/li>\n<\/ul>\n<\/div>\n<\/div>\n","protected":false},"excerpt":{"rendered":"<h3><strong>Soutien \u00e9motionnel et nerveux<\/strong><\/h3>\n<p>Une formule compl\u00e8te en vitamines B pour soutenir la m\u00e9moire, la concentration ou encore le cycle menstruel<\/p>\n<p><img loading=\"lazy\" decoding=\"async\" class=\"alignnone size-full wp-image-545\" src=\"https:\/\/luxessentiel.org\/wp-content\/uploads\/2022\/06\/info_32px.png\" alt=\"\" width=\"32\" height=\"32\" \/> <em>90 g\u00e9lules<\/em><\/p>\n<p><img loading=\"lazy\" decoding=\"async\" class=\"alignnone size-full wp-image-546\" src=\"https:\/\/luxessentiel.org\/wp-content\/uploads\/2022\/06\/more_info_32px.png\" alt=\"\" width=\"32\" height=\"32\" \/>\u00a0 <em>1 \u00e0 2 g\u00e9lules par jour<\/em><\/p>\n<p><img loading=\"lazy\" decoding=\"async\" class=\"alignnone size-full wp-image-399\" src=\"https:\/\/luxessentiel.org\/wp-content\/uploads\/2022\/05\/natural_food_32px.png\" alt=\"\" width=\"32\" height=\"32\" \/>\u00a0 <em>Emballage 100% v\u00e9g\u00e9tal<\/em><\/p>\n<p><img loading=\"lazy\" decoding=\"async\" class=\"alignnone size-full wp-image-398\" src=\"https:\/\/luxessentiel.org\/wp-content\/uploads\/2022\/05\/croissant_32px.png\" alt=\"\" width=\"32\" height=\"32\" \/>\u00a0<em> Produits Fran\u00e7ais<\/em><\/p>\n","protected":false},"featured_media":201,"template":"","meta":{"site-sidebar-layout":"default","site-content-layout":"default","ast-site-content-layout":"default","site-content-style":"default","site-sidebar-style":"default","ast-global-header-display":"","ast-banner-title-visibility":"","ast-main-header-display":"","ast-hfb-above-header-display":"","ast-hfb-below-header-display":"","ast-hfb-mobile-header-display":"","site-post-title":"","ast-breadcrumbs-content":"","ast-featured-img":"","footer-sml-layout":"","theme-transparent-header-meta":"default","adv-header-id-meta":"","stick-header-meta":"","header-above-stick-meta":"","header-main-stick-meta":"","header-below-stick-meta":"","astra-migrate-meta-layouts":"set","ast-page-background-enabled":"default","ast-page-background-meta":{"desktop":{"background-color":"var(--ast-global-color-4)","background-image":"","background-repeat":"repeat","background-position":"center center","background-size":"auto","background-attachment":"scroll","background-type":"","background-media":"","overlay-type":"","overlay-color":"","overlay-opacity":"","overlay-gradient":""},"tablet":{"background-color":"","background-image":"","background-repeat":"repeat","background-position":"center center","background-size":"auto","background-attachment":"scroll","background-type":"","background-media":"","overlay-type":"","overlay-color":"","overlay-opacity":"","overlay-gradient":""},"mobile":{"background-color":"","background-image":"","background-repeat":"repeat","background-position":"center center","background-size":"auto","background-attachment":"scroll","background-type":"","background-media":"","overlay-type":"","overlay-color":"","overlay-opacity":"","overlay-gradient":""}},"ast-content-background-meta":{"desktop":{"background-color":"var(--ast-global-color-5)","background-image":"","background-repeat":"repeat","background-position":"center center","background-size":"auto","background-attachment":"scroll","background-type":"","background-media":"","overlay-type":"","overlay-color":"","overlay-opacity":"","overlay-gradient":""},"tablet":{"background-color":"var(--ast-global-color-5)","background-image":"","background-repeat":"repeat","background-position":"center center","background-size":"auto","background-attachment":"scroll","background-type":"","background-media":"","overlay-type":"","overlay-color":"","overlay-opacity":"","overlay-gradient":""},"mobile":{"background-color":"var(--ast-global-color-5)","background-image":"","background-repeat":"repeat","background-position":"center center","background-size":"auto","background-attachment":"scroll","background-type":"","background-media":"","overlay-type":"","overlay-color":"","overlay-opacity":"","overlay-gradient":""}}},"product_brand":[],"product_cat":[21],"product_tag":[],"class_list":{"0":"post-853","1":"product","2":"type-product","3":"status-publish","4":"has-post-thumbnail","6":"product_cat-vitamines","7":"desktop-align-left","8":"tablet-align-left","9":"mobile-align-left","11":"first","12":"instock","13":"taxable","14":"shipping-taxable","15":"purchasable","16":"product-type-simple"},"aioseo_notices":[],"jetpack-related-posts":[{"id":854,"url":"https:\/\/luxessentiel.org\/index.php\/produit\/l-vitm\/","url_meta":{"origin":853,"position":0},"title":"L VIT\u2019M","author":"luxessentiel_wp_adm","date":"23 juin 2022","format":false,"excerpt":"Soutient les \u00e9tats de fatigues passag\u00e8res Pour les s\u00e9niors ou encore les sportifs, la formule pr\u00e9vient les \u00e9tats de fatigue g\u00e9n\u00e9rale et accompagne les convalescences 90 g\u00e9lules \u00a0 1 \u00e0 3 g\u00e9lules par jour \u00a0 Emballage 100% v\u00e9g\u00e9tal \u00a0 Produits Fran\u00e7ais","rel":"","context":"Article similaire","block_context":{"text":"Article similaire","link":""},"img":{"alt_text":"","src":"https:\/\/i0.wp.com\/luxessentiel.org\/wp-content\/uploads\/2022\/06\/01_LVITM-scaled-1.jpg?resize=350%2C200&ssl=1","width":350,"height":200,"srcset":"https:\/\/i0.wp.com\/luxessentiel.org\/wp-content\/uploads\/2022\/06\/01_LVITM-scaled-1.jpg?resize=350%2C200&ssl=1 1x, https:\/\/i0.wp.com\/luxessentiel.org\/wp-content\/uploads\/2022\/06\/01_LVITM-scaled-1.jpg?resize=525%2C300&ssl=1 1.5x, https:\/\/i0.wp.com\/luxessentiel.org\/wp-content\/uploads\/2022\/06\/01_LVITM-scaled-1.jpg?resize=700%2C400&ssl=1 2x, https:\/\/i0.wp.com\/luxessentiel.org\/wp-content\/uploads\/2022\/06\/01_LVITM-scaled-1.jpg?resize=1050%2C600&ssl=1 3x, https:\/\/i0.wp.com\/luxessentiel.org\/wp-content\/uploads\/2022\/06\/01_LVITM-scaled-1.jpg?resize=1400%2C800&ssl=1 4x"},"classes":[]},{"id":867,"url":"https:\/\/luxessentiel.org\/index.php\/produit\/l-dopm\/","url_meta":{"origin":853,"position":1},"title":"L DOP&rsquo;M","author":"luxessentiel_wp_adm","date":"23 juin 2022","format":false,"excerpt":"R\u00e9\u00e9quilibre le moral R\u00e9gule les \u00e9tats de stress, les burnout, les difficult\u00e9s \u00e0 prendre des d\u00e9cisions et aide la m\u00e9moire 50 g\u00e9lules \u00a0 1 \u00e0 2 g\u00e9lules par jour \u00a0 Emballage 100% v\u00e9g\u00e9tal \u00a0 Produits Fran\u00e7ais","rel":"","context":"Article similaire","block_context":{"text":"Article similaire","link":""},"img":{"alt_text":"","src":"https:\/\/i0.wp.com\/luxessentiel.org\/wp-content\/uploads\/2022\/06\/02_LDOPM-scaled-1.jpg?resize=350%2C200&ssl=1","width":350,"height":200,"srcset":"https:\/\/i0.wp.com\/luxessentiel.org\/wp-content\/uploads\/2022\/06\/02_LDOPM-scaled-1.jpg?resize=350%2C200&ssl=1 1x, https:\/\/i0.wp.com\/luxessentiel.org\/wp-content\/uploads\/2022\/06\/02_LDOPM-scaled-1.jpg?resize=525%2C300&ssl=1 1.5x, https:\/\/i0.wp.com\/luxessentiel.org\/wp-content\/uploads\/2022\/06\/02_LDOPM-scaled-1.jpg?resize=700%2C400&ssl=1 2x, https:\/\/i0.wp.com\/luxessentiel.org\/wp-content\/uploads\/2022\/06\/02_LDOPM-scaled-1.jpg?resize=1050%2C600&ssl=1 3x, https:\/\/i0.wp.com\/luxessentiel.org\/wp-content\/uploads\/2022\/06\/02_LDOPM-scaled-1.jpg?resize=1400%2C800&ssl=1 4x"},"classes":[]},{"id":865,"url":"https:\/\/luxessentiel.org\/index.php\/produit\/l-sero\/","url_meta":{"origin":853,"position":2},"title":"L SERO","author":"luxessentiel_wp_adm","date":"23 juin 2022","format":false,"excerpt":"Pr\u00e9vient les d\u00e9tresses \u00e9motionnelles Soutient la qualit\u00e9 du sommeil et du moral 50 g\u00e9lules \u00a0 1 \u00e0 2 g\u00e9lules par jour, prise \u00e0 10h \u00a0 Emballage 100% v\u00e9g\u00e9tal \u00a0 Produits Fran\u00e7ais","rel":"","context":"Article similaire","block_context":{"text":"Article similaire","link":""},"img":{"alt_text":"","src":"https:\/\/i0.wp.com\/luxessentiel.org\/wp-content\/uploads\/2022\/06\/02_LSERO-scaled-1.jpg?resize=350%2C200&ssl=1","width":350,"height":200,"srcset":"https:\/\/i0.wp.com\/luxessentiel.org\/wp-content\/uploads\/2022\/06\/02_LSERO-scaled-1.jpg?resize=350%2C200&ssl=1 1x, https:\/\/i0.wp.com\/luxessentiel.org\/wp-content\/uploads\/2022\/06\/02_LSERO-scaled-1.jpg?resize=525%2C300&ssl=1 1.5x, https:\/\/i0.wp.com\/luxessentiel.org\/wp-content\/uploads\/2022\/06\/02_LSERO-scaled-1.jpg?resize=700%2C400&ssl=1 2x, https:\/\/i0.wp.com\/luxessentiel.org\/wp-content\/uploads\/2022\/06\/02_LSERO-scaled-1.jpg?resize=1050%2C600&ssl=1 3x, https:\/\/i0.wp.com\/luxessentiel.org\/wp-content\/uploads\/2022\/06\/02_LSERO-scaled-1.jpg?resize=1400%2C800&ssl=1 4x"},"classes":[]},{"id":866,"url":"https:\/\/luxessentiel.org\/index.php\/produit\/l-fem\/","url_meta":{"origin":853,"position":3},"title":"L FEM","author":"luxessentiel_wp_adm","date":"23 juin 2022","format":false,"excerpt":"Accompagne la m\u00e9nopause Pr\u00e9vient les troubles de la m\u00e9nopause pour des moments de vie plus sereins 120 g\u00e9lules \u00a0 2 g\u00e9lules par jour \u00a0 Emballage 100% v\u00e9g\u00e9tal \u00a0 Produits Fran\u00e7ais","rel":"","context":"Article similaire","block_context":{"text":"Article similaire","link":""},"img":{"alt_text":"","src":"https:\/\/i0.wp.com\/luxessentiel.org\/wp-content\/uploads\/2022\/06\/02_LFEM-scaled-1.jpg?resize=350%2C200&ssl=1","width":350,"height":200,"srcset":"https:\/\/i0.wp.com\/luxessentiel.org\/wp-content\/uploads\/2022\/06\/02_LFEM-scaled-1.jpg?resize=350%2C200&ssl=1 1x, https:\/\/i0.wp.com\/luxessentiel.org\/wp-content\/uploads\/2022\/06\/02_LFEM-scaled-1.jpg?resize=525%2C300&ssl=1 1.5x, https:\/\/i0.wp.com\/luxessentiel.org\/wp-content\/uploads\/2022\/06\/02_LFEM-scaled-1.jpg?resize=700%2C400&ssl=1 2x, https:\/\/i0.wp.com\/luxessentiel.org\/wp-content\/uploads\/2022\/06\/02_LFEM-scaled-1.jpg?resize=1050%2C600&ssl=1 3x, https:\/\/i0.wp.com\/luxessentiel.org\/wp-content\/uploads\/2022\/06\/02_LFEM-scaled-1.jpg?resize=1400%2C800&ssl=1 4x"},"classes":[]},{"id":848,"url":"https:\/\/luxessentiel.org\/index.php\/produit\/l-detox\/","url_meta":{"origin":853,"position":4},"title":"L D\u00c9TOX","author":"luxessentiel_wp_adm","date":"23 juin 2022","format":false,"excerpt":"Am\u00e9liore les fonctions du foie Lutte contre la fatigue g\u00e9n\u00e9rale, am\u00e9liore le confort digestif et musculaire 50 g\u00e9lules \u00a0 1 \u00e0 2 g\u00e9lules par jour ou 1 g\u00e9lule par jour pendant 10 jours \u00a0 Emballage 100% v\u00e9g\u00e9tal \u00a0 Produits Fran\u00e7ais","rel":"","context":"Article similaire","block_context":{"text":"Article similaire","link":""},"img":{"alt_text":"","src":"https:\/\/i0.wp.com\/luxessentiel.org\/wp-content\/uploads\/2022\/06\/02_LDETOX-scaled-1.jpg?resize=350%2C200&ssl=1","width":350,"height":200,"srcset":"https:\/\/i0.wp.com\/luxessentiel.org\/wp-content\/uploads\/2022\/06\/02_LDETOX-scaled-1.jpg?resize=350%2C200&ssl=1 1x, https:\/\/i0.wp.com\/luxessentiel.org\/wp-content\/uploads\/2022\/06\/02_LDETOX-scaled-1.jpg?resize=525%2C300&ssl=1 1.5x, https:\/\/i0.wp.com\/luxessentiel.org\/wp-content\/uploads\/2022\/06\/02_LDETOX-scaled-1.jpg?resize=700%2C400&ssl=1 2x, https:\/\/i0.wp.com\/luxessentiel.org\/wp-content\/uploads\/2022\/06\/02_LDETOX-scaled-1.jpg?resize=1050%2C600&ssl=1 3x, https:\/\/i0.wp.com\/luxessentiel.org\/wp-content\/uploads\/2022\/06\/02_LDETOX-scaled-1.jpg?resize=1400%2C800&ssl=1 4x"},"classes":[]},{"id":862,"url":"https:\/\/luxessentiel.org\/index.php\/produit\/l-acti-biote\/","url_meta":{"origin":853,"position":5},"title":"L ACTI BIOTE","author":"luxessentiel_wp_adm","date":"23 juin 2022","format":false,"excerpt":"Maintien du bien-\u00eatre intestinal Nourrit le mucus de l'intestin 60 g\u00e9lules \u00a0 1 g\u00e9lule par jour \u00a0 Emballage 100% v\u00e9g\u00e9tal \u00a0 Produits Fran\u00e7ais","rel":"","context":"Article similaire","block_context":{"text":"Article similaire","link":""},"img":{"alt_text":"","src":"https:\/\/i0.wp.com\/luxessentiel.org\/wp-content\/uploads\/2022\/06\/02_LACTIBIOTE-scaled-1.jpg?resize=350%2C200&ssl=1","width":350,"height":200,"srcset":"https:\/\/i0.wp.com\/luxessentiel.org\/wp-content\/uploads\/2022\/06\/02_LACTIBIOTE-scaled-1.jpg?resize=350%2C200&ssl=1 1x, https:\/\/i0.wp.com\/luxessentiel.org\/wp-content\/uploads\/2022\/06\/02_LACTIBIOTE-scaled-1.jpg?resize=525%2C300&ssl=1 1.5x, https:\/\/i0.wp.com\/luxessentiel.org\/wp-content\/uploads\/2022\/06\/02_LACTIBIOTE-scaled-1.jpg?resize=700%2C400&ssl=1 2x, https:\/\/i0.wp.com\/luxessentiel.org\/wp-content\/uploads\/2022\/06\/02_LACTIBIOTE-scaled-1.jpg?resize=1050%2C600&ssl=1 3x, https:\/\/i0.wp.com\/luxessentiel.org\/wp-content\/uploads\/2022\/06\/02_LACTIBIOTE-scaled-1.jpg?resize=1400%2C800&ssl=1 4x"},"classes":[]}],"jetpack_sharing_enabled":true,"_links":{"self":[{"href":"https:\/\/luxessentiel.org\/index.php\/wp-json\/wp\/v2\/product\/853","targetHints":{"allow":["GET"]}}],"collection":[{"href":"https:\/\/luxessentiel.org\/index.php\/wp-json\/wp\/v2\/product"}],"about":[{"href":"https:\/\/luxessentiel.org\/index.php\/wp-json\/wp\/v2\/types\/product"}],"wp:featuredmedia":[{"embeddable":true,"href":"https:\/\/luxessentiel.org\/index.php\/wp-json\/wp\/v2\/media\/201"}],"wp:attachment":[{"href":"https:\/\/luxessentiel.org\/index.php\/wp-json\/wp\/v2\/media?parent=853"}],"wp:term":[{"taxonomy":"product_brand","embeddable":true,"href":"https:\/\/luxessentiel.org\/index.php\/wp-json\/wp\/v2\/product_brand?post=853"},{"taxonomy":"product_cat","embeddable":true,"href":"https:\/\/luxessentiel.org\/index.php\/wp-json\/wp\/v2\/product_cat?post=853"},{"taxonomy":"product_tag","embeddable":true,"href":"https:\/\/luxessentiel.org\/index.php\/wp-json\/wp\/v2\/product_tag?post=853"}],"curies":[{"name":"wp","href":"https:\/\/api.w.org\/{rel}","templated":true}]}}