{"id":848,"date":"2022-06-23T11:39:17","date_gmt":"2022-06-23T09:39:17","guid":{"rendered":"http:\/\/luxessentiel.org\/?post_type=product&#038;p=848"},"modified":"2022-06-23T11:39:21","modified_gmt":"2022-06-23T09:39:21","slug":"l-detox","status":"publish","type":"product","link":"https:\/\/luxessentiel.org\/index.php\/produit\/l-detox\/","title":{"rendered":"L D\u00c9TOX"},"content":{"rendered":"<div class=\"Infoscomplentaires\">\n<div class=\"Tableau\">\n<h4><strong>Composition :<\/strong><\/h4>\n<hr class=\"productline\" \/>\n<table>\n<tbody>\n<tr>\n<th class=\"formule\">FORMULE (mg)<\/th>\n<th class=\"1gel\">pour 1 g\u00e9l.<\/th>\n<th class=\"3gel\">pour 3 g\u00e9l.<\/th>\n<th><\/th>\n<\/tr>\n<tr>\n<td>Artichaut ES \u00e0 5% de cynarine<\/td>\n<td>110 mg<\/td>\n<td>330 mg<\/td>\n<td><\/td>\n<\/tr>\n<tr>\n<td>Choline citrate<\/td>\n<td>85 mg<\/td>\n<td>255 mg<\/td>\n<td><\/td>\n<\/tr>\n<tr>\n<td>Radis noir ES 4\/1<\/td>\n<td>50 mg<\/td>\n<td>150 mg<\/td>\n<td><\/td>\n<\/tr>\n<tr>\n<td>N Ac\u00e9tyl-cyct\u00e9ine<\/td>\n<td>50 mg<\/td>\n<td>150 mg<\/td>\n<td><\/td>\n<\/tr>\n<tr>\n<td>Chardon marie semence ES (80% Syl.)<\/td>\n<td>33,34 mg<\/td>\n<td>100 mg<\/td>\n<td><\/td>\n<\/tr>\n<tr>\n<td>Taurine<\/td>\n<td>30 mg<\/td>\n<td>90 mg<\/td>\n<td><\/td>\n<\/tr>\n<tr>\n<td>Vitamine C (acide ascorbique)<\/td>\n<td>26,6 mg<\/td>\n<td>80 mg<\/td>\n<td>soit 100% des AR*<\/td>\n<\/tr>\n<tr>\n<td>Artichaut feuille poudre<\/td>\n<td>30 mg<\/td>\n<td>90 mg<\/td>\n<td><\/td>\n<\/tr>\n<tr>\n<td>Vitamine B3<\/td>\n<td>17,3 mg<\/td>\n<td>32 mg<\/td>\n<td>soit 200% des AR*<\/td>\n<\/tr>\n<tr>\n<td>Citrate de Zinc (31%)<\/td>\n<td>5,38 mg<\/td>\n<td>16,14 mg<\/td>\n<td>dont zinc 5 mg soit 50% des AR*<\/td>\n<\/tr>\n<tr>\n<td>S\u00e9l\u00e9no-m\u00e9thionine 0,5%<\/td>\n<td>3,67 mg<\/td>\n<td>11 mg<\/td>\n<td>s\u00e9l\u00e9nium 55 \u03bcg soit 100% des AR*<\/td>\n<\/tr>\n<tr>\n<td>Vitamine B9<\/td>\n<td>0,1 mg<\/td>\n<td>0,3 mg<\/td>\n<td>soit 150% des AR*<\/td>\n<\/tr>\n<tr>\n<td>Vitamine B12<\/td>\n<td>0,0008 mg<\/td>\n<td>0,00025 mg<\/td>\n<td>soit 100% des AR<\/td>\n<\/tr>\n<tr>\n<td>G\u00e9latine v\u00e9g\u00e9tale<\/td>\n<td><\/td>\n<td><\/td>\n<td><\/td>\n<\/tr>\n<\/tbody>\n<\/table>\n<p><em>*AR : Apports recommand\u00e9s<\/em><\/p>\n<\/div>\n<div class=\"Contreindic\">\n<h4><strong>Contre-indication \/ pr\u00e9cautions d&#8217;emploi :<\/strong><\/h4>\n<hr class=\"productline\" \/>\n<ul>\n<li>Contre-indiqu\u00e9 chez la femme enceinte, allaitante et l\u2019enfant<\/li>\n<li>Prudence en cas d\u2019hypothyro\u00efdie (les thiocyanates v\u00e9g\u00e9taux du radis noir captent l\u2019iode et emp\u00eachent sa fixation thyro\u00efdienne)<\/li>\n<li>Contre-indiqu\u00e9 en cas de cancers (pr\u00e9sence de vitamine B12)<\/li>\n<\/ul>\n<\/div>\n<\/div>\n","protected":false},"excerpt":{"rendered":"<h3><span data-sheets-value=\"{&quot;1&quot;:2,&quot;2&quot;:&quot;Am\u00e9liore les fonctions du foie &quot;}\" data-sheets-userformat=\"{&quot;2&quot;:9155,&quot;3&quot;:{&quot;1&quot;:0},&quot;4&quot;:{&quot;1&quot;:2,&quot;2&quot;:13228792},&quot;9&quot;:1,&quot;10&quot;:1,&quot;11&quot;:4,&quot;12&quot;:0,&quot;16&quot;:9}\">Am\u00e9liore les fonctions du foie <\/span><\/h3>\n<p><span data-sheets-value=\"{&quot;1&quot;:2,&quot;2&quot;:&quot;Lutte contre la fatigue g\u00e9n\u00e9rale, am\u00e9liore le confort digestif et musculaire&quot;}\" data-sheets-userformat=\"{&quot;2&quot;:9155,&quot;3&quot;:{&quot;1&quot;:0},&quot;4&quot;:{&quot;1&quot;:2,&quot;2&quot;:13228792},&quot;9&quot;:1,&quot;10&quot;:1,&quot;11&quot;:4,&quot;12&quot;:0,&quot;16&quot;:9}\">Lutte contre la fatigue g\u00e9n\u00e9rale, am\u00e9liore le confort digestif et musculaire<\/span><\/p>\n<p><img loading=\"lazy\" decoding=\"async\" class=\"alignnone size-full wp-image-545\" src=\"https:\/\/luxessentiel.org\/wp-content\/uploads\/2022\/06\/info_32px.png\" alt=\"\" width=\"32\" height=\"32\" \/> <em>50 g\u00e9lules<\/em><\/p>\n<p><img loading=\"lazy\" decoding=\"async\" class=\"alignnone size-full wp-image-546\" src=\"https:\/\/luxessentiel.org\/wp-content\/uploads\/2022\/06\/more_info_32px.png\" alt=\"\" width=\"32\" height=\"32\" \/>\u00a0 <em>1 \u00e0 2 g\u00e9lules par jour ou 1 g\u00e9lule par jour pendant 10 jours <\/em><\/p>\n<p><img loading=\"lazy\" decoding=\"async\" class=\"alignnone size-full wp-image-399\" src=\"https:\/\/luxessentiel.org\/wp-content\/uploads\/2022\/05\/natural_food_32px.png\" alt=\"\" width=\"32\" height=\"32\" \/>\u00a0 <em>Emballage 100% v\u00e9g\u00e9tal<\/em><\/p>\n<p><img loading=\"lazy\" decoding=\"async\" class=\"alignnone size-full wp-image-398\" src=\"https:\/\/luxessentiel.org\/wp-content\/uploads\/2022\/05\/croissant_32px.png\" alt=\"\" width=\"32\" height=\"32\" \/>\u00a0<em> Produits Fran\u00e7ais<\/em><\/p>\n","protected":false},"featured_media":206,"template":"","meta":{"site-sidebar-layout":"default","site-content-layout":"default","ast-site-content-layout":"default","site-content-style":"default","site-sidebar-style":"default","ast-global-header-display":"","ast-banner-title-visibility":"","ast-main-header-display":"","ast-hfb-above-header-display":"","ast-hfb-below-header-display":"","ast-hfb-mobile-header-display":"","site-post-title":"","ast-breadcrumbs-content":"","ast-featured-img":"","footer-sml-layout":"","theme-transparent-header-meta":"default","adv-header-id-meta":"","stick-header-meta":"","header-above-stick-meta":"","header-main-stick-meta":"","header-below-stick-meta":"","astra-migrate-meta-layouts":"default","ast-page-background-enabled":"default","ast-page-background-meta":{"desktop":{"background-color":"var(--ast-global-color-4)","background-image":"","background-repeat":"repeat","background-position":"center center","background-size":"auto","background-attachment":"scroll","background-type":"","background-media":"","overlay-type":"","overlay-color":"","overlay-opacity":"","overlay-gradient":""},"tablet":{"background-color":"","background-image":"","background-repeat":"repeat","background-position":"center center","background-size":"auto","background-attachment":"scroll","background-type":"","background-media":"","overlay-type":"","overlay-color":"","overlay-opacity":"","overlay-gradient":""},"mobile":{"background-color":"","background-image":"","background-repeat":"repeat","background-position":"center center","background-size":"auto","background-attachment":"scroll","background-type":"","background-media":"","overlay-type":"","overlay-color":"","overlay-opacity":"","overlay-gradient":""}},"ast-content-background-meta":{"desktop":{"background-color":"var(--ast-global-color-5)","background-image":"","background-repeat":"repeat","background-position":"center center","background-size":"auto","background-attachment":"scroll","background-type":"","background-media":"","overlay-type":"","overlay-color":"","overlay-opacity":"","overlay-gradient":""},"tablet":{"background-color":"var(--ast-global-color-5)","background-image":"","background-repeat":"repeat","background-position":"center center","background-size":"auto","background-attachment":"scroll","background-type":"","background-media":"","overlay-type":"","overlay-color":"","overlay-opacity":"","overlay-gradient":""},"mobile":{"background-color":"var(--ast-global-color-5)","background-image":"","background-repeat":"repeat","background-position":"center center","background-size":"auto","background-attachment":"scroll","background-type":"","background-media":"","overlay-type":"","overlay-color":"","overlay-opacity":"","overlay-gradient":""}}},"product_brand":[],"product_cat":[20],"product_tag":[],"class_list":{"0":"post-848","1":"product","2":"type-product","3":"status-publish","4":"has-post-thumbnail","6":"product_cat-micronutrition","7":"desktop-align-left","8":"tablet-align-left","9":"mobile-align-left","11":"first","12":"instock","13":"taxable","14":"shipping-taxable","15":"purchasable","16":"product-type-simple"},"aioseo_notices":[],"jetpack-related-posts":[{"id":865,"url":"https:\/\/luxessentiel.org\/index.php\/produit\/l-sero\/","url_meta":{"origin":848,"position":0},"title":"L SERO","author":"luxessentiel_wp_adm","date":"23 juin 2022","format":false,"excerpt":"Pr\u00e9vient les d\u00e9tresses \u00e9motionnelles Soutient la qualit\u00e9 du sommeil et du moral 50 g\u00e9lules \u00a0 1 \u00e0 2 g\u00e9lules par jour, prise \u00e0 10h \u00a0 Emballage 100% v\u00e9g\u00e9tal \u00a0 Produits Fran\u00e7ais","rel":"","context":"Article similaire","block_context":{"text":"Article similaire","link":""},"img":{"alt_text":"","src":"https:\/\/i0.wp.com\/luxessentiel.org\/wp-content\/uploads\/2022\/06\/02_LSERO-scaled-1.jpg?resize=350%2C200&ssl=1","width":350,"height":200,"srcset":"https:\/\/i0.wp.com\/luxessentiel.org\/wp-content\/uploads\/2022\/06\/02_LSERO-scaled-1.jpg?resize=350%2C200&ssl=1 1x, https:\/\/i0.wp.com\/luxessentiel.org\/wp-content\/uploads\/2022\/06\/02_LSERO-scaled-1.jpg?resize=525%2C300&ssl=1 1.5x, https:\/\/i0.wp.com\/luxessentiel.org\/wp-content\/uploads\/2022\/06\/02_LSERO-scaled-1.jpg?resize=700%2C400&ssl=1 2x, https:\/\/i0.wp.com\/luxessentiel.org\/wp-content\/uploads\/2022\/06\/02_LSERO-scaled-1.jpg?resize=1050%2C600&ssl=1 3x, https:\/\/i0.wp.com\/luxessentiel.org\/wp-content\/uploads\/2022\/06\/02_LSERO-scaled-1.jpg?resize=1400%2C800&ssl=1 4x"},"classes":[]},{"id":854,"url":"https:\/\/luxessentiel.org\/index.php\/produit\/l-vitm\/","url_meta":{"origin":848,"position":1},"title":"L VIT\u2019M","author":"luxessentiel_wp_adm","date":"23 juin 2022","format":false,"excerpt":"Soutient les \u00e9tats de fatigues passag\u00e8res Pour les s\u00e9niors ou encore les sportifs, la formule pr\u00e9vient les \u00e9tats de fatigue g\u00e9n\u00e9rale et accompagne les convalescences 90 g\u00e9lules \u00a0 1 \u00e0 3 g\u00e9lules par jour \u00a0 Emballage 100% v\u00e9g\u00e9tal \u00a0 Produits Fran\u00e7ais","rel":"","context":"Article similaire","block_context":{"text":"Article similaire","link":""},"img":{"alt_text":"","src":"https:\/\/i0.wp.com\/luxessentiel.org\/wp-content\/uploads\/2022\/06\/01_LVITM-scaled-1.jpg?resize=350%2C200&ssl=1","width":350,"height":200,"srcset":"https:\/\/i0.wp.com\/luxessentiel.org\/wp-content\/uploads\/2022\/06\/01_LVITM-scaled-1.jpg?resize=350%2C200&ssl=1 1x, https:\/\/i0.wp.com\/luxessentiel.org\/wp-content\/uploads\/2022\/06\/01_LVITM-scaled-1.jpg?resize=525%2C300&ssl=1 1.5x, https:\/\/i0.wp.com\/luxessentiel.org\/wp-content\/uploads\/2022\/06\/01_LVITM-scaled-1.jpg?resize=700%2C400&ssl=1 2x, https:\/\/i0.wp.com\/luxessentiel.org\/wp-content\/uploads\/2022\/06\/01_LVITM-scaled-1.jpg?resize=1050%2C600&ssl=1 3x, https:\/\/i0.wp.com\/luxessentiel.org\/wp-content\/uploads\/2022\/06\/01_LVITM-scaled-1.jpg?resize=1400%2C800&ssl=1 4x"},"classes":[]},{"id":867,"url":"https:\/\/luxessentiel.org\/index.php\/produit\/l-dopm\/","url_meta":{"origin":848,"position":2},"title":"L DOP&rsquo;M","author":"luxessentiel_wp_adm","date":"23 juin 2022","format":false,"excerpt":"R\u00e9\u00e9quilibre le moral R\u00e9gule les \u00e9tats de stress, les burnout, les difficult\u00e9s \u00e0 prendre des d\u00e9cisions et aide la m\u00e9moire 50 g\u00e9lules \u00a0 1 \u00e0 2 g\u00e9lules par jour \u00a0 Emballage 100% v\u00e9g\u00e9tal \u00a0 Produits Fran\u00e7ais","rel":"","context":"Article similaire","block_context":{"text":"Article similaire","link":""},"img":{"alt_text":"","src":"https:\/\/i0.wp.com\/luxessentiel.org\/wp-content\/uploads\/2022\/06\/02_LDOPM-scaled-1.jpg?resize=350%2C200&ssl=1","width":350,"height":200,"srcset":"https:\/\/i0.wp.com\/luxessentiel.org\/wp-content\/uploads\/2022\/06\/02_LDOPM-scaled-1.jpg?resize=350%2C200&ssl=1 1x, https:\/\/i0.wp.com\/luxessentiel.org\/wp-content\/uploads\/2022\/06\/02_LDOPM-scaled-1.jpg?resize=525%2C300&ssl=1 1.5x, https:\/\/i0.wp.com\/luxessentiel.org\/wp-content\/uploads\/2022\/06\/02_LDOPM-scaled-1.jpg?resize=700%2C400&ssl=1 2x, https:\/\/i0.wp.com\/luxessentiel.org\/wp-content\/uploads\/2022\/06\/02_LDOPM-scaled-1.jpg?resize=1050%2C600&ssl=1 3x, https:\/\/i0.wp.com\/luxessentiel.org\/wp-content\/uploads\/2022\/06\/02_LDOPM-scaled-1.jpg?resize=1400%2C800&ssl=1 4x"},"classes":[]},{"id":851,"url":"https:\/\/luxessentiel.org\/index.php\/produit\/l-anti-oxydant\/","url_meta":{"origin":848,"position":3},"title":"L ANTI-OXYDANT","author":"luxessentiel_wp_adm","date":"23 juin 2022","format":false,"excerpt":"R\u00e9gule le stress oxydatif Une formule \u00e9quilibr\u00e9e qui maintient le bien-\u00eatre cellulaire 90 g\u00e9lules x 2 boites \u00a0 1 \u00e0 2 g\u00e9lules par jour \u00a0 Emballage 100% v\u00e9g\u00e9tal \u00a0 Produits Fran\u00e7ais","rel":"","context":"Article similaire","block_context":{"text":"Article similaire","link":""},"img":{"alt_text":"","src":"https:\/\/i0.wp.com\/luxessentiel.org\/wp-content\/uploads\/2022\/06\/02_LANTIOX-scaled-1.jpg?resize=350%2C200&ssl=1","width":350,"height":200,"srcset":"https:\/\/i0.wp.com\/luxessentiel.org\/wp-content\/uploads\/2022\/06\/02_LANTIOX-scaled-1.jpg?resize=350%2C200&ssl=1 1x, https:\/\/i0.wp.com\/luxessentiel.org\/wp-content\/uploads\/2022\/06\/02_LANTIOX-scaled-1.jpg?resize=525%2C300&ssl=1 1.5x, https:\/\/i0.wp.com\/luxessentiel.org\/wp-content\/uploads\/2022\/06\/02_LANTIOX-scaled-1.jpg?resize=700%2C400&ssl=1 2x, https:\/\/i0.wp.com\/luxessentiel.org\/wp-content\/uploads\/2022\/06\/02_LANTIOX-scaled-1.jpg?resize=1050%2C600&ssl=1 3x, https:\/\/i0.wp.com\/luxessentiel.org\/wp-content\/uploads\/2022\/06\/02_LANTIOX-scaled-1.jpg?resize=1400%2C800&ssl=1 4x"},"classes":[]},{"id":876,"url":"https:\/\/luxessentiel.org\/index.php\/produit\/l-memo\/","url_meta":{"origin":848,"position":4},"title":"L MEMO","author":"luxessentiel_wp_adm","date":"23 juin 2022","format":false,"excerpt":"Tonus c\u00e9r\u00e9bral Am\u00e9liore la m\u00e9moire, lutte contre les fatigues intellectuelles 90 g\u00e9lules \u00a0 1 \u00e0 2 g\u00e9lules par jour \u00a0 Emballage 100% v\u00e9g\u00e9tal \u00a0 Produits Fran\u00e7ais","rel":"","context":"Article similaire","block_context":{"text":"Article similaire","link":""},"img":{"alt_text":"","src":"https:\/\/i0.wp.com\/luxessentiel.org\/wp-content\/uploads\/2022\/06\/03_LMEMO-scaled-1.jpg?resize=350%2C200&ssl=1","width":350,"height":200,"srcset":"https:\/\/i0.wp.com\/luxessentiel.org\/wp-content\/uploads\/2022\/06\/03_LMEMO-scaled-1.jpg?resize=350%2C200&ssl=1 1x, https:\/\/i0.wp.com\/luxessentiel.org\/wp-content\/uploads\/2022\/06\/03_LMEMO-scaled-1.jpg?resize=525%2C300&ssl=1 1.5x, https:\/\/i0.wp.com\/luxessentiel.org\/wp-content\/uploads\/2022\/06\/03_LMEMO-scaled-1.jpg?resize=700%2C400&ssl=1 2x, https:\/\/i0.wp.com\/luxessentiel.org\/wp-content\/uploads\/2022\/06\/03_LMEMO-scaled-1.jpg?resize=1050%2C600&ssl=1 3x, https:\/\/i0.wp.com\/luxessentiel.org\/wp-content\/uploads\/2022\/06\/03_LMEMO-scaled-1.jpg?resize=1400%2C800&ssl=1 4x"},"classes":[]},{"id":866,"url":"https:\/\/luxessentiel.org\/index.php\/produit\/l-fem\/","url_meta":{"origin":848,"position":5},"title":"L FEM","author":"luxessentiel_wp_adm","date":"23 juin 2022","format":false,"excerpt":"Accompagne la m\u00e9nopause Pr\u00e9vient les troubles de la m\u00e9nopause pour des moments de vie plus sereins 120 g\u00e9lules \u00a0 2 g\u00e9lules par jour \u00a0 Emballage 100% v\u00e9g\u00e9tal \u00a0 Produits Fran\u00e7ais","rel":"","context":"Article similaire","block_context":{"text":"Article similaire","link":""},"img":{"alt_text":"","src":"https:\/\/i0.wp.com\/luxessentiel.org\/wp-content\/uploads\/2022\/06\/02_LFEM-scaled-1.jpg?resize=350%2C200&ssl=1","width":350,"height":200,"srcset":"https:\/\/i0.wp.com\/luxessentiel.org\/wp-content\/uploads\/2022\/06\/02_LFEM-scaled-1.jpg?resize=350%2C200&ssl=1 1x, https:\/\/i0.wp.com\/luxessentiel.org\/wp-content\/uploads\/2022\/06\/02_LFEM-scaled-1.jpg?resize=525%2C300&ssl=1 1.5x, https:\/\/i0.wp.com\/luxessentiel.org\/wp-content\/uploads\/2022\/06\/02_LFEM-scaled-1.jpg?resize=700%2C400&ssl=1 2x, https:\/\/i0.wp.com\/luxessentiel.org\/wp-content\/uploads\/2022\/06\/02_LFEM-scaled-1.jpg?resize=1050%2C600&ssl=1 3x, https:\/\/i0.wp.com\/luxessentiel.org\/wp-content\/uploads\/2022\/06\/02_LFEM-scaled-1.jpg?resize=1400%2C800&ssl=1 4x"},"classes":[]}],"jetpack_sharing_enabled":true,"_links":{"self":[{"href":"https:\/\/luxessentiel.org\/index.php\/wp-json\/wp\/v2\/product\/848","targetHints":{"allow":["GET"]}}],"collection":[{"href":"https:\/\/luxessentiel.org\/index.php\/wp-json\/wp\/v2\/product"}],"about":[{"href":"https:\/\/luxessentiel.org\/index.php\/wp-json\/wp\/v2\/types\/product"}],"wp:featuredmedia":[{"embeddable":true,"href":"https:\/\/luxessentiel.org\/index.php\/wp-json\/wp\/v2\/media\/206"}],"wp:attachment":[{"href":"https:\/\/luxessentiel.org\/index.php\/wp-json\/wp\/v2\/media?parent=848"}],"wp:term":[{"taxonomy":"product_brand","embeddable":true,"href":"https:\/\/luxessentiel.org\/index.php\/wp-json\/wp\/v2\/product_brand?post=848"},{"taxonomy":"product_cat","embeddable":true,"href":"https:\/\/luxessentiel.org\/index.php\/wp-json\/wp\/v2\/product_cat?post=848"},{"taxonomy":"product_tag","embeddable":true,"href":"https:\/\/luxessentiel.org\/index.php\/wp-json\/wp\/v2\/product_tag?post=848"}],"curies":[{"name":"wp","href":"https:\/\/api.w.org\/{rel}","templated":true}]}}