{"id":2813,"date":"2024-06-07T11:43:05","date_gmt":"2024-06-07T09:43:05","guid":{"rendered":"https:\/\/luxessentiel.org\/?post_type=product&#038;p=2813"},"modified":"2024-06-10T18:02:32","modified_gmt":"2024-06-10T16:02:32","slug":"l-glutathion-liposomal","status":"publish","type":"product","link":"https:\/\/luxessentiel.org\/index.php\/produit\/l-glutathion-liposomal\/","title":{"rendered":"L GLUTATHION LIPOSOMAL"},"content":{"rendered":"<div class=\"Infoscomplentaires\">\n<div class=\"Tableau\">\n<h4><strong>Composition :<\/strong><\/h4>\n<hr class=\"productline\" \/>\n<table>\n<tbody>\n<tr>\n<th class=\"formule\">FORMULE (mg)<\/th>\n<th class=\"1gel\">Pour 2 g\u00e9ls.<\/th>\n<\/tr>\n<tr>\n<td>Glutathion Liposomal (40%)<\/td>\n<td>300 mg ( Dont glutathion r\u00e9duit : 120 mg et phosphatidylcholine : 180 mg)<\/td>\n<\/tr>\n<tr>\n<td>Agent de charge<\/td>\n<td>Fibre Acacia<\/td>\n<\/tr>\n<tr>\n<td>Enveloppe<\/td>\n<td>G\u00e9latine v\u00e9g\u00e9tale<\/td>\n<\/tr>\n<\/tbody>\n<\/table>\n<\/div>\n<div class=\"Contreindic\">\n<h4><strong>Contre-indication \/ pr\u00e9cautions d&#8217;emploi :<\/strong><\/h4>\n<hr class=\"productline\" \/>\n<ul>\n<li>Pas de contre-indication<\/li>\n<\/ul>\n<\/div>\n<\/div>\n","protected":false},"excerpt":{"rendered":"<h3><strong>Agent anti-oxydant agit en synergie avec la vitamine C\u00a0<\/strong><\/h3>\n<p>&nbsp;<\/p>\n<p><img loading=\"lazy\" decoding=\"async\" class=\"alignnone size-full wp-image-545\" src=\"https:\/\/luxessentiel.org\/wp-content\/uploads\/2022\/06\/info_32px.png\" alt=\"\" width=\"32\" height=\"32\" \/> 60 g\u00e9lules <em>\u00a0\u00a0<\/em><\/p>\n<p><img loading=\"lazy\" decoding=\"async\" class=\"alignnone size-full wp-image-546\" src=\"https:\/\/luxessentiel.org\/wp-content\/uploads\/2022\/06\/more_info_32px.png\" alt=\"\" width=\"32\" height=\"32\" \/>\u00a0 1 \u00e0 2 <em>g\u00e9lules par jour<\/em><\/p>\n<p><img loading=\"lazy\" decoding=\"async\" class=\"alignnone size-full wp-image-399\" src=\"https:\/\/luxessentiel.org\/wp-content\/uploads\/2022\/05\/natural_food_32px.png\" alt=\"\" width=\"32\" height=\"32\" \/>\u00a0 <em>Emballage 100% v\u00e9g\u00e9tal<\/em><\/p>\n<p><img loading=\"lazy\" decoding=\"async\" class=\"alignnone size-full wp-image-398\" src=\"https:\/\/luxessentiel.org\/wp-content\/uploads\/2022\/05\/croissant_32px.png\" alt=\"\" width=\"32\" height=\"32\" \/>\u00a0<em> Produits Fran\u00e7ais<\/em><\/p>\n","protected":false},"featured_media":2814,"template":"","meta":{"site-sidebar-layout":"default","site-content-layout":"","ast-site-content-layout":"default","site-content-style":"default","site-sidebar-style":"default","ast-global-header-display":"","ast-banner-title-visibility":"","ast-main-header-display":"","ast-hfb-above-header-display":"","ast-hfb-below-header-display":"","ast-hfb-mobile-header-display":"","site-post-title":"","ast-breadcrumbs-content":"","ast-featured-img":"","footer-sml-layout":"","theme-transparent-header-meta":"default","adv-header-id-meta":"","stick-header-meta":"","header-above-stick-meta":"","header-main-stick-meta":"","header-below-stick-meta":"","astra-migrate-meta-layouts":"set","ast-page-background-enabled":"default","ast-page-background-meta":{"desktop":{"background-color":"var(--ast-global-color-4)","background-image":"","background-repeat":"repeat","background-position":"center center","background-size":"auto","background-attachment":"scroll","background-type":"","background-media":"","overlay-type":"","overlay-color":"","overlay-opacity":"","overlay-gradient":""},"tablet":{"background-color":"","background-image":"","background-repeat":"repeat","background-position":"center center","background-size":"auto","background-attachment":"scroll","background-type":"","background-media":"","overlay-type":"","overlay-color":"","overlay-opacity":"","overlay-gradient":""},"mobile":{"background-color":"","background-image":"","background-repeat":"repeat","background-position":"center center","background-size":"auto","background-attachment":"scroll","background-type":"","background-media":"","overlay-type":"","overlay-color":"","overlay-opacity":"","overlay-gradient":""}},"ast-content-background-meta":{"desktop":{"background-color":"var(--ast-global-color-5)","background-image":"","background-repeat":"repeat","background-position":"center center","background-size":"auto","background-attachment":"scroll","background-type":"","background-media":"","overlay-type":"","overlay-color":"","overlay-opacity":"","overlay-gradient":""},"tablet":{"background-color":"var(--ast-global-color-5)","background-image":"","background-repeat":"repeat","background-position":"center center","background-size":"auto","background-attachment":"scroll","background-type":"","background-media":"","overlay-type":"","overlay-color":"","overlay-opacity":"","overlay-gradient":""},"mobile":{"background-color":"var(--ast-global-color-5)","background-image":"","background-repeat":"repeat","background-position":"center center","background-size":"auto","background-attachment":"scroll","background-type":"","background-media":"","overlay-type":"","overlay-color":"","overlay-opacity":"","overlay-gradient":""}}},"product_brand":[],"product_cat":[21],"product_tag":[],"class_list":{"0":"post-2813","1":"product","2":"type-product","3":"status-publish","4":"has-post-thumbnail","6":"product_cat-vitamines","7":"desktop-align-left","8":"tablet-align-left","9":"mobile-align-left","11":"first","12":"instock","13":"taxable","14":"shipping-taxable","15":"purchasable","16":"product-type-simple"},"aioseo_notices":[],"jetpack-related-posts":[{"id":848,"url":"https:\/\/luxessentiel.org\/index.php\/produit\/l-detox\/","url_meta":{"origin":2813,"position":0},"title":"L D\u00c9TOX","author":"luxessentiel_wp_adm","date":"23 juin 2022","format":false,"excerpt":"Am\u00e9liore les fonctions du foie Lutte contre la fatigue g\u00e9n\u00e9rale, am\u00e9liore le confort digestif et musculaire 50 g\u00e9lules \u00a0 1 \u00e0 2 g\u00e9lules par jour ou 1 g\u00e9lule par jour pendant 10 jours \u00a0 Emballage 100% v\u00e9g\u00e9tal \u00a0 Produits Fran\u00e7ais","rel":"","context":"Article similaire","block_context":{"text":"Article similaire","link":""},"img":{"alt_text":"","src":"https:\/\/i0.wp.com\/luxessentiel.org\/wp-content\/uploads\/2022\/06\/02_LDETOX-scaled-1.jpg?resize=350%2C200&ssl=1","width":350,"height":200,"srcset":"https:\/\/i0.wp.com\/luxessentiel.org\/wp-content\/uploads\/2022\/06\/02_LDETOX-scaled-1.jpg?resize=350%2C200&ssl=1 1x, https:\/\/i0.wp.com\/luxessentiel.org\/wp-content\/uploads\/2022\/06\/02_LDETOX-scaled-1.jpg?resize=525%2C300&ssl=1 1.5x, https:\/\/i0.wp.com\/luxessentiel.org\/wp-content\/uploads\/2022\/06\/02_LDETOX-scaled-1.jpg?resize=700%2C400&ssl=1 2x, https:\/\/i0.wp.com\/luxessentiel.org\/wp-content\/uploads\/2022\/06\/02_LDETOX-scaled-1.jpg?resize=1050%2C600&ssl=1 3x, https:\/\/i0.wp.com\/luxessentiel.org\/wp-content\/uploads\/2022\/06\/02_LDETOX-scaled-1.jpg?resize=1400%2C800&ssl=1 4x"},"classes":[]},{"id":852,"url":"https:\/\/luxessentiel.org\/index.php\/produit\/l-vitamine-c-liposomale\/","url_meta":{"origin":2813,"position":1},"title":"L VITAMINE C LIPOSOMALE","author":"luxessentiel_wp_adm","date":"23 juin 2022","format":false,"excerpt":"Soutien des d\u00e9fenses naturelles Vitamine C propos\u00e9e sur un support lipidique pour une excellente tol\u00e9rance gastro-intestinale 90 g\u00e9lules 1 g\u00e9lules par jour \u00a0 Emballage 100% v\u00e9g\u00e9tal \u00a0 Produits Fran\u00e7ais","rel":"","context":"Article similaire","block_context":{"text":"Article similaire","link":""},"img":{"alt_text":"","src":"https:\/\/i0.wp.com\/luxessentiel.org\/wp-content\/uploads\/2022\/06\/01_LVITAMINE-scaled-1.jpg?resize=350%2C200&ssl=1","width":350,"height":200,"srcset":"https:\/\/i0.wp.com\/luxessentiel.org\/wp-content\/uploads\/2022\/06\/01_LVITAMINE-scaled-1.jpg?resize=350%2C200&ssl=1 1x, https:\/\/i0.wp.com\/luxessentiel.org\/wp-content\/uploads\/2022\/06\/01_LVITAMINE-scaled-1.jpg?resize=525%2C300&ssl=1 1.5x, https:\/\/i0.wp.com\/luxessentiel.org\/wp-content\/uploads\/2022\/06\/01_LVITAMINE-scaled-1.jpg?resize=700%2C400&ssl=1 2x, https:\/\/i0.wp.com\/luxessentiel.org\/wp-content\/uploads\/2022\/06\/01_LVITAMINE-scaled-1.jpg?resize=1050%2C600&ssl=1 3x, https:\/\/i0.wp.com\/luxessentiel.org\/wp-content\/uploads\/2022\/06\/01_LVITAMINE-scaled-1.jpg?resize=1400%2C800&ssl=1 4x"},"classes":[]},{"id":876,"url":"https:\/\/luxessentiel.org\/index.php\/produit\/l-memo\/","url_meta":{"origin":2813,"position":2},"title":"L MEMO","author":"luxessentiel_wp_adm","date":"23 juin 2022","format":false,"excerpt":"Tonus c\u00e9r\u00e9bral Am\u00e9liore la m\u00e9moire, lutte contre les fatigues intellectuelles 90 g\u00e9lules \u00a0 1 \u00e0 2 g\u00e9lules par jour \u00a0 Emballage 100% v\u00e9g\u00e9tal \u00a0 Produits Fran\u00e7ais","rel":"","context":"Article similaire","block_context":{"text":"Article similaire","link":""},"img":{"alt_text":"","src":"https:\/\/i0.wp.com\/luxessentiel.org\/wp-content\/uploads\/2022\/06\/03_LMEMO-scaled-1.jpg?resize=350%2C200&ssl=1","width":350,"height":200,"srcset":"https:\/\/i0.wp.com\/luxessentiel.org\/wp-content\/uploads\/2022\/06\/03_LMEMO-scaled-1.jpg?resize=350%2C200&ssl=1 1x, https:\/\/i0.wp.com\/luxessentiel.org\/wp-content\/uploads\/2022\/06\/03_LMEMO-scaled-1.jpg?resize=525%2C300&ssl=1 1.5x, https:\/\/i0.wp.com\/luxessentiel.org\/wp-content\/uploads\/2022\/06\/03_LMEMO-scaled-1.jpg?resize=700%2C400&ssl=1 2x, https:\/\/i0.wp.com\/luxessentiel.org\/wp-content\/uploads\/2022\/06\/03_LMEMO-scaled-1.jpg?resize=1050%2C600&ssl=1 3x, https:\/\/i0.wp.com\/luxessentiel.org\/wp-content\/uploads\/2022\/06\/03_LMEMO-scaled-1.jpg?resize=1400%2C800&ssl=1 4x"},"classes":[]},{"id":872,"url":"https:\/\/luxessentiel.org\/index.php\/produit\/l-reishi\/","url_meta":{"origin":2813,"position":3},"title":"L REISHI","author":"luxessentiel_wp_adm","date":"23 juin 2022","format":false,"excerpt":"Soutien l'\u00e9tat g\u00e9n\u00e9ral Formule \u00e0 base de ganoderme lucidum : Champignon de la long\u00e9vit\u00e9 150 g\u00e9lules de 394 mg \u00a0 \u00a0 \u00a0 \u00a0 \u00a0Extrait de Reishi bio 2408 mg pour 8 g\u00e9lules \u00a0 2 \u00e0 3 g\u00e9lules par jour \u00a0 Emballage 100% v\u00e9g\u00e9tal \u00a0 Produits Fran\u00e7ais","rel":"","context":"Article similaire","block_context":{"text":"Article similaire","link":""},"img":{"alt_text":"","src":"https:\/\/i0.wp.com\/luxessentiel.org\/wp-content\/uploads\/2022\/06\/03_LREISHI-scaled-1.jpg?resize=350%2C200&ssl=1","width":350,"height":200,"srcset":"https:\/\/i0.wp.com\/luxessentiel.org\/wp-content\/uploads\/2022\/06\/03_LREISHI-scaled-1.jpg?resize=350%2C200&ssl=1 1x, https:\/\/i0.wp.com\/luxessentiel.org\/wp-content\/uploads\/2022\/06\/03_LREISHI-scaled-1.jpg?resize=525%2C300&ssl=1 1.5x, https:\/\/i0.wp.com\/luxessentiel.org\/wp-content\/uploads\/2022\/06\/03_LREISHI-scaled-1.jpg?resize=700%2C400&ssl=1 2x, https:\/\/i0.wp.com\/luxessentiel.org\/wp-content\/uploads\/2022\/06\/03_LREISHI-scaled-1.jpg?resize=1050%2C600&ssl=1 3x, https:\/\/i0.wp.com\/luxessentiel.org\/wp-content\/uploads\/2022\/06\/03_LREISHI-scaled-1.jpg?resize=1400%2C800&ssl=1 4x"},"classes":[]},{"id":866,"url":"https:\/\/luxessentiel.org\/index.php\/produit\/l-fem\/","url_meta":{"origin":2813,"position":4},"title":"L FEM","author":"luxessentiel_wp_adm","date":"23 juin 2022","format":false,"excerpt":"Accompagne la m\u00e9nopause Pr\u00e9vient les troubles de la m\u00e9nopause pour des moments de vie plus sereins 120 g\u00e9lules \u00a0 2 g\u00e9lules par jour \u00a0 Emballage 100% v\u00e9g\u00e9tal \u00a0 Produits Fran\u00e7ais","rel":"","context":"Article similaire","block_context":{"text":"Article similaire","link":""},"img":{"alt_text":"","src":"https:\/\/i0.wp.com\/luxessentiel.org\/wp-content\/uploads\/2022\/06\/02_LFEM-scaled-1.jpg?resize=350%2C200&ssl=1","width":350,"height":200,"srcset":"https:\/\/i0.wp.com\/luxessentiel.org\/wp-content\/uploads\/2022\/06\/02_LFEM-scaled-1.jpg?resize=350%2C200&ssl=1 1x, https:\/\/i0.wp.com\/luxessentiel.org\/wp-content\/uploads\/2022\/06\/02_LFEM-scaled-1.jpg?resize=525%2C300&ssl=1 1.5x, https:\/\/i0.wp.com\/luxessentiel.org\/wp-content\/uploads\/2022\/06\/02_LFEM-scaled-1.jpg?resize=700%2C400&ssl=1 2x, https:\/\/i0.wp.com\/luxessentiel.org\/wp-content\/uploads\/2022\/06\/02_LFEM-scaled-1.jpg?resize=1050%2C600&ssl=1 3x, https:\/\/i0.wp.com\/luxessentiel.org\/wp-content\/uploads\/2022\/06\/02_LFEM-scaled-1.jpg?resize=1400%2C800&ssl=1 4x"},"classes":[]},{"id":865,"url":"https:\/\/luxessentiel.org\/index.php\/produit\/l-sero\/","url_meta":{"origin":2813,"position":5},"title":"L SERO","author":"luxessentiel_wp_adm","date":"23 juin 2022","format":false,"excerpt":"Pr\u00e9vient les d\u00e9tresses \u00e9motionnelles Soutient la qualit\u00e9 du sommeil et du moral 50 g\u00e9lules \u00a0 1 \u00e0 2 g\u00e9lules par jour, prise \u00e0 10h \u00a0 Emballage 100% v\u00e9g\u00e9tal \u00a0 Produits Fran\u00e7ais","rel":"","context":"Article similaire","block_context":{"text":"Article similaire","link":""},"img":{"alt_text":"","src":"https:\/\/i0.wp.com\/luxessentiel.org\/wp-content\/uploads\/2022\/06\/02_LSERO-scaled-1.jpg?resize=350%2C200&ssl=1","width":350,"height":200,"srcset":"https:\/\/i0.wp.com\/luxessentiel.org\/wp-content\/uploads\/2022\/06\/02_LSERO-scaled-1.jpg?resize=350%2C200&ssl=1 1x, https:\/\/i0.wp.com\/luxessentiel.org\/wp-content\/uploads\/2022\/06\/02_LSERO-scaled-1.jpg?resize=525%2C300&ssl=1 1.5x, https:\/\/i0.wp.com\/luxessentiel.org\/wp-content\/uploads\/2022\/06\/02_LSERO-scaled-1.jpg?resize=700%2C400&ssl=1 2x, https:\/\/i0.wp.com\/luxessentiel.org\/wp-content\/uploads\/2022\/06\/02_LSERO-scaled-1.jpg?resize=1050%2C600&ssl=1 3x, https:\/\/i0.wp.com\/luxessentiel.org\/wp-content\/uploads\/2022\/06\/02_LSERO-scaled-1.jpg?resize=1400%2C800&ssl=1 4x"},"classes":[]}],"jetpack_sharing_enabled":true,"_links":{"self":[{"href":"https:\/\/luxessentiel.org\/index.php\/wp-json\/wp\/v2\/product\/2813","targetHints":{"allow":["GET"]}}],"collection":[{"href":"https:\/\/luxessentiel.org\/index.php\/wp-json\/wp\/v2\/product"}],"about":[{"href":"https:\/\/luxessentiel.org\/index.php\/wp-json\/wp\/v2\/types\/product"}],"wp:featuredmedia":[{"embeddable":true,"href":"https:\/\/luxessentiel.org\/index.php\/wp-json\/wp\/v2\/media\/2814"}],"wp:attachment":[{"href":"https:\/\/luxessentiel.org\/index.php\/wp-json\/wp\/v2\/media?parent=2813"}],"wp:term":[{"taxonomy":"product_brand","embeddable":true,"href":"https:\/\/luxessentiel.org\/index.php\/wp-json\/wp\/v2\/product_brand?post=2813"},{"taxonomy":"product_cat","embeddable":true,"href":"https:\/\/luxessentiel.org\/index.php\/wp-json\/wp\/v2\/product_cat?post=2813"},{"taxonomy":"product_tag","embeddable":true,"href":"https:\/\/luxessentiel.org\/index.php\/wp-json\/wp\/v2\/product_tag?post=2813"}],"curies":[{"name":"wp","href":"https:\/\/api.w.org\/{rel}","templated":true}]}}