{"id":2808,"date":"2024-06-07T11:32:39","date_gmt":"2024-06-07T09:32:39","guid":{"rendered":"https:\/\/luxessentiel.org\/?post_type=product&#038;p=2808"},"modified":"2024-06-10T18:06:23","modified_gmt":"2024-06-10T16:06:23","slug":"l-melatonine","status":"publish","type":"product","link":"https:\/\/luxessentiel.org\/index.php\/produit\/l-melatonine\/","title":{"rendered":"L MELATONINE"},"content":{"rendered":"<div class=\"Infoscomplentaires\">\n<div class=\"Tableau\">\n<h4><strong>Composition :<\/strong><\/h4>\n<hr class=\"productline\" \/>\n<table>\n<tbody>\n<tr>\n<th class=\"formule\">FORMULE (mg)<\/th>\n<th class=\"1gel\">pour 1 g\u00e9l.<\/th>\n<\/tr>\n<tr>\n<td>M\u00e9latonine<\/td>\n<td>1,9 mg<\/td>\n<\/tr>\n<tr>\n<td>Agent de charge<\/td>\n<td>Amidon de riz<\/td>\n<\/tr>\n<tr>\n<td>Enveloppe<\/td>\n<td>G\u00e9latine v\u00e9g\u00e9tale<\/td>\n<\/tr>\n<\/tbody>\n<\/table>\n<\/div>\n<div class=\"Contreindic\">\n<h4><strong>Contre-indication \/ pr\u00e9cautions d&#8217;emploi :<\/strong><\/h4>\n<hr class=\"productline\" \/>\n<ul>\n<li>\u00c0 consommer avec une alimentation vari\u00e9e et \u00e9quilibr\u00e9e associ\u00e9e \u00e0 un mode de vie sain.<\/li>\n<li>Tenir hors de port\u00e9e des jeunes enfants.<\/li>\n<li>D\u00e9conseill\u00e9e aux personnes souffrant de maladies inflammatoires ou auto-immunes, aux femmes enceintes ou allaitantes, aux enfants, aux adolescents, aux personnes devant r\u00e9aliser une activit\u00e9 n\u00e9cessitant une vigilance soutenue et pouvant poser un probl\u00e8me de s\u00e9curit\u00e9 en cas de somnolence.<\/li>\n<li>Doit \u00eatre soumise \u00e0 un avis m\u00e9dical (m\u00e9decin ou pharmacien) pour les personnes \u00e9pileptiques, asthmatiques, souffrant de troubles de l\u2019humeur, du comportement ou de la personnalit\u00e9 et les personnes sous traitement m\u00e9dicamenteux.<\/li>\n<li>Limiter la prise de m\u00e9latonine \u00e0 un usage ponctuel.<\/li>\n<li>Ne pas d\u00e9passer la dose journali\u00e8re recommand\u00e9e.<\/li>\n<\/ul>\n<\/div>\n<\/div>\n","protected":false},"excerpt":{"rendered":"<h3><strong>Am\u00e9liore la qualit\u00e9 du sommeil<\/strong><\/h3>\n<p>&nbsp;<\/p>\n<p><img loading=\"lazy\" decoding=\"async\" class=\"alignnone size-full wp-image-545\" src=\"https:\/\/luxessentiel.org\/wp-content\/uploads\/2022\/06\/info_32px.png\" alt=\"\" width=\"32\" height=\"32\" \/> 30 <em>g\u00e9lules\u00a0\u00a0<\/em><\/p>\n<p><img loading=\"lazy\" decoding=\"async\" class=\"alignnone size-full wp-image-546\" src=\"https:\/\/luxessentiel.org\/wp-content\/uploads\/2022\/06\/more_info_32px.png\" alt=\"\" width=\"32\" height=\"32\" \/>\u00a0 1 <em>g\u00e9lule par jour<\/em><\/p>\n<p><img loading=\"lazy\" decoding=\"async\" class=\"alignnone size-full wp-image-399\" src=\"https:\/\/luxessentiel.org\/wp-content\/uploads\/2022\/05\/natural_food_32px.png\" alt=\"\" width=\"32\" height=\"32\" \/>\u00a0 <em>Emballage 100% v\u00e9g\u00e9tal<\/em><\/p>\n<p><img loading=\"lazy\" decoding=\"async\" class=\"alignnone size-full wp-image-398\" src=\"https:\/\/luxessentiel.org\/wp-content\/uploads\/2022\/05\/croissant_32px.png\" alt=\"\" width=\"32\" height=\"32\" \/>\u00a0<em> Produits Fran\u00e7ais<\/em><\/p>\n","protected":false},"featured_media":2809,"template":"","meta":{"site-sidebar-layout":"default","site-content-layout":"","ast-site-content-layout":"default","site-content-style":"default","site-sidebar-style":"default","ast-global-header-display":"","ast-banner-title-visibility":"","ast-main-header-display":"","ast-hfb-above-header-display":"","ast-hfb-below-header-display":"","ast-hfb-mobile-header-display":"","site-post-title":"","ast-breadcrumbs-content":"","ast-featured-img":"","footer-sml-layout":"","theme-transparent-header-meta":"default","adv-header-id-meta":"","stick-header-meta":"","header-above-stick-meta":"","header-main-stick-meta":"","header-below-stick-meta":"","astra-migrate-meta-layouts":"set","ast-page-background-enabled":"default","ast-page-background-meta":{"desktop":{"background-color":"var(--ast-global-color-4)","background-image":"","background-repeat":"repeat","background-position":"center center","background-size":"auto","background-attachment":"scroll","background-type":"","background-media":"","overlay-type":"","overlay-color":"","overlay-opacity":"","overlay-gradient":""},"tablet":{"background-color":"","background-image":"","background-repeat":"repeat","background-position":"center center","background-size":"auto","background-attachment":"scroll","background-type":"","background-media":"","overlay-type":"","overlay-color":"","overlay-opacity":"","overlay-gradient":""},"mobile":{"background-color":"","background-image":"","background-repeat":"repeat","background-position":"center center","background-size":"auto","background-attachment":"scroll","background-type":"","background-media":"","overlay-type":"","overlay-color":"","overlay-opacity":"","overlay-gradient":""}},"ast-content-background-meta":{"desktop":{"background-color":"var(--ast-global-color-5)","background-image":"","background-repeat":"repeat","background-position":"center center","background-size":"auto","background-attachment":"scroll","background-type":"","background-media":"","overlay-type":"","overlay-color":"","overlay-opacity":"","overlay-gradient":""},"tablet":{"background-color":"var(--ast-global-color-5)","background-image":"","background-repeat":"repeat","background-position":"center center","background-size":"auto","background-attachment":"scroll","background-type":"","background-media":"","overlay-type":"","overlay-color":"","overlay-opacity":"","overlay-gradient":""},"mobile":{"background-color":"var(--ast-global-color-5)","background-image":"","background-repeat":"repeat","background-position":"center center","background-size":"auto","background-attachment":"scroll","background-type":"","background-media":"","overlay-type":"","overlay-color":"","overlay-opacity":"","overlay-gradient":""}}},"product_brand":[],"product_cat":[21],"product_tag":[],"class_list":{"0":"post-2808","1":"product","2":"type-product","3":"status-publish","4":"has-post-thumbnail","6":"product_cat-vitamines","7":"desktop-align-left","8":"tablet-align-left","9":"mobile-align-left","11":"first","12":"instock","13":"taxable","14":"shipping-taxable","15":"purchasable","16":"product-type-simple"},"aioseo_notices":[],"jetpack-related-posts":[{"id":848,"url":"https:\/\/luxessentiel.org\/index.php\/produit\/l-detox\/","url_meta":{"origin":2808,"position":0},"title":"L D\u00c9TOX","author":"luxessentiel_wp_adm","date":"23 juin 2022","format":false,"excerpt":"Am\u00e9liore les fonctions du foie Lutte contre la fatigue g\u00e9n\u00e9rale, am\u00e9liore le confort digestif et musculaire 50 g\u00e9lules \u00a0 1 \u00e0 2 g\u00e9lules par jour ou 1 g\u00e9lule par jour pendant 10 jours \u00a0 Emballage 100% v\u00e9g\u00e9tal \u00a0 Produits Fran\u00e7ais","rel":"","context":"Article similaire","block_context":{"text":"Article similaire","link":""},"img":{"alt_text":"","src":"https:\/\/i0.wp.com\/luxessentiel.org\/wp-content\/uploads\/2022\/06\/02_LDETOX-scaled-1.jpg?resize=350%2C200&ssl=1","width":350,"height":200,"srcset":"https:\/\/i0.wp.com\/luxessentiel.org\/wp-content\/uploads\/2022\/06\/02_LDETOX-scaled-1.jpg?resize=350%2C200&ssl=1 1x, https:\/\/i0.wp.com\/luxessentiel.org\/wp-content\/uploads\/2022\/06\/02_LDETOX-scaled-1.jpg?resize=525%2C300&ssl=1 1.5x, https:\/\/i0.wp.com\/luxessentiel.org\/wp-content\/uploads\/2022\/06\/02_LDETOX-scaled-1.jpg?resize=700%2C400&ssl=1 2x, https:\/\/i0.wp.com\/luxessentiel.org\/wp-content\/uploads\/2022\/06\/02_LDETOX-scaled-1.jpg?resize=1050%2C600&ssl=1 3x, https:\/\/i0.wp.com\/luxessentiel.org\/wp-content\/uploads\/2022\/06\/02_LDETOX-scaled-1.jpg?resize=1400%2C800&ssl=1 4x"},"classes":[]},{"id":877,"url":"https:\/\/luxessentiel.org\/index.php\/produit\/l-virofort\/","url_meta":{"origin":2808,"position":1},"title":"L VIROFORT","author":"luxessentiel_wp_adm","date":"23 juin 2022","format":false,"excerpt":"Soutien des d\u00e9fenses naturelles et du moral Am\u00e9liore la respiration et accompagne les longues convalescences 90 g\u00e9lules \u00a0 1 \u00e0 2\u00a0g\u00e9lules par jour \u00a0 Emballage 100% v\u00e9g\u00e9tal \u00a0 Produits Fran\u00e7ais","rel":"","context":"Article similaire","block_context":{"text":"Article similaire","link":""},"img":{"alt_text":"","src":"https:\/\/i0.wp.com\/luxessentiel.org\/wp-content\/uploads\/2022\/06\/03_LVIROFORT-scaled-1.jpg?resize=350%2C200&ssl=1","width":350,"height":200,"srcset":"https:\/\/i0.wp.com\/luxessentiel.org\/wp-content\/uploads\/2022\/06\/03_LVIROFORT-scaled-1.jpg?resize=350%2C200&ssl=1 1x, https:\/\/i0.wp.com\/luxessentiel.org\/wp-content\/uploads\/2022\/06\/03_LVIROFORT-scaled-1.jpg?resize=525%2C300&ssl=1 1.5x, https:\/\/i0.wp.com\/luxessentiel.org\/wp-content\/uploads\/2022\/06\/03_LVIROFORT-scaled-1.jpg?resize=700%2C400&ssl=1 2x, https:\/\/i0.wp.com\/luxessentiel.org\/wp-content\/uploads\/2022\/06\/03_LVIROFORT-scaled-1.jpg?resize=1050%2C600&ssl=1 3x, https:\/\/i0.wp.com\/luxessentiel.org\/wp-content\/uploads\/2022\/06\/03_LVIROFORT-scaled-1.jpg?resize=1400%2C800&ssl=1 4x"},"classes":[]},{"id":1282,"url":"https:\/\/luxessentiel.org\/index.php\/produit\/l-c-digest\/","url_meta":{"origin":2808,"position":2},"title":"L C DIGEST","author":"Paul RAMIARA","date":"20 d\u00e9cembre 2022","format":false,"excerpt":"Favorise la digestion et renforce les d\u00e9fenses naturelles \u00a0 100 g\u00e9lules 1 \u00e0 2 g\u00e9lules par jour 1\u20442 heure avant les repas (Commencer par une g\u00e9lule par jour pendant 10 Jours ) \u00a0 Emballage 100% v\u00e9g\u00e9tal \u00a0 Produits Fran\u00e7ais","rel":"","context":"Article similaire","block_context":{"text":"Article similaire","link":""},"img":{"alt_text":"","src":"https:\/\/i0.wp.com\/luxessentiel.org\/wp-content\/uploads\/2022\/12\/LC-DIGEST-scaled.jpg?resize=350%2C200&ssl=1","width":350,"height":200,"srcset":"https:\/\/i0.wp.com\/luxessentiel.org\/wp-content\/uploads\/2022\/12\/LC-DIGEST-scaled.jpg?resize=350%2C200&ssl=1 1x, https:\/\/i0.wp.com\/luxessentiel.org\/wp-content\/uploads\/2022\/12\/LC-DIGEST-scaled.jpg?resize=525%2C300&ssl=1 1.5x, https:\/\/i0.wp.com\/luxessentiel.org\/wp-content\/uploads\/2022\/12\/LC-DIGEST-scaled.jpg?resize=700%2C400&ssl=1 2x, https:\/\/i0.wp.com\/luxessentiel.org\/wp-content\/uploads\/2022\/12\/LC-DIGEST-scaled.jpg?resize=1050%2C600&ssl=1 3x, https:\/\/i0.wp.com\/luxessentiel.org\/wp-content\/uploads\/2022\/12\/LC-DIGEST-scaled.jpg?resize=1400%2C800&ssl=1 4x"},"classes":[]},{"id":863,"url":"https:\/\/luxessentiel.org\/index.php\/produit\/l-essentiel\/","url_meta":{"origin":2808,"position":3},"title":"L ESSENTIEL","author":"luxessentiel_wp_adm","date":"23 juin 2022","format":false,"excerpt":"Renforce les d\u00e9fenses naturelles Synergie d'huiles qui apaise les voies respiratoires et adoucit la gorge 60 g\u00e9lules \u00a0 1 \u00e0 2 g\u00e9lules par jour \u00a0 Emballage 100% v\u00e9g\u00e9tal \u00a0 Produits Fran\u00e7ais","rel":"","context":"Article similaire","block_context":{"text":"Article similaire","link":""},"img":{"alt_text":"","src":"https:\/\/i0.wp.com\/luxessentiel.org\/wp-content\/uploads\/2022\/06\/05_LESSENTIEL-scaled-1.jpg?resize=350%2C200&ssl=1","width":350,"height":200,"srcset":"https:\/\/i0.wp.com\/luxessentiel.org\/wp-content\/uploads\/2022\/06\/05_LESSENTIEL-scaled-1.jpg?resize=350%2C200&ssl=1 1x, https:\/\/i0.wp.com\/luxessentiel.org\/wp-content\/uploads\/2022\/06\/05_LESSENTIEL-scaled-1.jpg?resize=525%2C300&ssl=1 1.5x, https:\/\/i0.wp.com\/luxessentiel.org\/wp-content\/uploads\/2022\/06\/05_LESSENTIEL-scaled-1.jpg?resize=700%2C400&ssl=1 2x, https:\/\/i0.wp.com\/luxessentiel.org\/wp-content\/uploads\/2022\/06\/05_LESSENTIEL-scaled-1.jpg?resize=1050%2C600&ssl=1 3x, https:\/\/i0.wp.com\/luxessentiel.org\/wp-content\/uploads\/2022\/06\/05_LESSENTIEL-scaled-1.jpg?resize=1400%2C800&ssl=1 4x"},"classes":[]},{"id":876,"url":"https:\/\/luxessentiel.org\/index.php\/produit\/l-memo\/","url_meta":{"origin":2808,"position":4},"title":"L MEMO","author":"luxessentiel_wp_adm","date":"23 juin 2022","format":false,"excerpt":"Tonus c\u00e9r\u00e9bral Am\u00e9liore la m\u00e9moire, lutte contre les fatigues intellectuelles 90 g\u00e9lules \u00a0 1 \u00e0 2 g\u00e9lules par jour \u00a0 Emballage 100% v\u00e9g\u00e9tal \u00a0 Produits Fran\u00e7ais","rel":"","context":"Article similaire","block_context":{"text":"Article similaire","link":""},"img":{"alt_text":"","src":"https:\/\/i0.wp.com\/luxessentiel.org\/wp-content\/uploads\/2022\/06\/03_LMEMO-scaled-1.jpg?resize=350%2C200&ssl=1","width":350,"height":200,"srcset":"https:\/\/i0.wp.com\/luxessentiel.org\/wp-content\/uploads\/2022\/06\/03_LMEMO-scaled-1.jpg?resize=350%2C200&ssl=1 1x, https:\/\/i0.wp.com\/luxessentiel.org\/wp-content\/uploads\/2022\/06\/03_LMEMO-scaled-1.jpg?resize=525%2C300&ssl=1 1.5x, https:\/\/i0.wp.com\/luxessentiel.org\/wp-content\/uploads\/2022\/06\/03_LMEMO-scaled-1.jpg?resize=700%2C400&ssl=1 2x, https:\/\/i0.wp.com\/luxessentiel.org\/wp-content\/uploads\/2022\/06\/03_LMEMO-scaled-1.jpg?resize=1050%2C600&ssl=1 3x, https:\/\/i0.wp.com\/luxessentiel.org\/wp-content\/uploads\/2022\/06\/03_LMEMO-scaled-1.jpg?resize=1400%2C800&ssl=1 4x"},"classes":[]},{"id":847,"url":"https:\/\/luxessentiel.org\/index.php\/produit\/l-base\/","url_meta":{"origin":2808,"position":5},"title":"L BASE","author":"luxessentiel_wp_adm","date":"23 juin 2022","format":false,"excerpt":"Preserve l'\u00e9quilibre acido-basique R\u00e9\u00e9quilibre les apports de sels basiques et participe au confort musculaire des sportifs et des personnes aux r\u00e9gimes restrictifs et trop prot\u00e9in\u00e9s. 50 g\u00e9lules \u00a0 1 \u00e0 2 g\u00e9lules par jour \u00a0 Emballage 100% v\u00e9g\u00e9tal \u00a0 Produits Fran\u00e7ais","rel":"","context":"Article similaire","block_context":{"text":"Article similaire","link":""},"img":{"alt_text":"","src":"https:\/\/i0.wp.com\/luxessentiel.org\/wp-content\/uploads\/2022\/06\/02_LBASE-1-scaled-1.jpg?resize=350%2C200&ssl=1","width":350,"height":200,"srcset":"https:\/\/i0.wp.com\/luxessentiel.org\/wp-content\/uploads\/2022\/06\/02_LBASE-1-scaled-1.jpg?resize=350%2C200&ssl=1 1x, https:\/\/i0.wp.com\/luxessentiel.org\/wp-content\/uploads\/2022\/06\/02_LBASE-1-scaled-1.jpg?resize=525%2C300&ssl=1 1.5x, https:\/\/i0.wp.com\/luxessentiel.org\/wp-content\/uploads\/2022\/06\/02_LBASE-1-scaled-1.jpg?resize=700%2C400&ssl=1 2x, https:\/\/i0.wp.com\/luxessentiel.org\/wp-content\/uploads\/2022\/06\/02_LBASE-1-scaled-1.jpg?resize=1050%2C600&ssl=1 3x, https:\/\/i0.wp.com\/luxessentiel.org\/wp-content\/uploads\/2022\/06\/02_LBASE-1-scaled-1.jpg?resize=1400%2C800&ssl=1 4x"},"classes":[]}],"jetpack_sharing_enabled":true,"_links":{"self":[{"href":"https:\/\/luxessentiel.org\/index.php\/wp-json\/wp\/v2\/product\/2808","targetHints":{"allow":["GET"]}}],"collection":[{"href":"https:\/\/luxessentiel.org\/index.php\/wp-json\/wp\/v2\/product"}],"about":[{"href":"https:\/\/luxessentiel.org\/index.php\/wp-json\/wp\/v2\/types\/product"}],"wp:featuredmedia":[{"embeddable":true,"href":"https:\/\/luxessentiel.org\/index.php\/wp-json\/wp\/v2\/media\/2809"}],"wp:attachment":[{"href":"https:\/\/luxessentiel.org\/index.php\/wp-json\/wp\/v2\/media?parent=2808"}],"wp:term":[{"taxonomy":"product_brand","embeddable":true,"href":"https:\/\/luxessentiel.org\/index.php\/wp-json\/wp\/v2\/product_brand?post=2808"},{"taxonomy":"product_cat","embeddable":true,"href":"https:\/\/luxessentiel.org\/index.php\/wp-json\/wp\/v2\/product_cat?post=2808"},{"taxonomy":"product_tag","embeddable":true,"href":"https:\/\/luxessentiel.org\/index.php\/wp-json\/wp\/v2\/product_tag?post=2808"}],"curies":[{"name":"wp","href":"https:\/\/api.w.org\/{rel}","templated":true}]}}