{"id":1183,"date":"2022-10-13T15:36:05","date_gmt":"2022-10-13T13:36:05","guid":{"rendered":"https:\/\/luxessentiel.org\/?post_type=product&#038;p=1183"},"modified":"2025-03-28T12:12:01","modified_gmt":"2025-03-28T11:12:01","slug":"mineralis-life","status":"publish","type":"product","link":"https:\/\/luxessentiel.org\/index.php\/produit\/mineralis-life\/","title":{"rendered":"MINERAL BIO"},"content":{"rendered":"<p>L\u2019eau de mer MINERAL BIO est un aliment non transform\u00e9 , soigneusement s\u00e9lectionn\u00e9 et filtr\u00e9 \u00e0 froid afin d\u2019offrir le meilleur de l\u2019oc\u00e9an pour notre vitalit\u00e9. Consommer de l\u2019eau de mer r\u00e9duit la fatigue, soutient le syst\u00e8me nerveux et la fonction musculaire, am\u00e9liore l\u2019ossature, nos d\u00e9fenses naturelles et notre dentition. MINERAL BIO provient d&rsquo;une r\u00e9serve oc\u00e9anique prot\u00e9g\u00e9e , b\u00e9n\u00e9ficiant d\u2019une r\u00e9surgence d\u2019eau froide de grande profondeur 2,5 fois plus riche en micronutriments que toutes les eaux de surface europ\u00e9ennes. Apr\u00e8s extraction et analyse rigoureuse, l\u2019eau est d\u00e9licatement micro -filtr\u00e9e \u00e0 froid par un proc\u00e9d\u00e9 physique garantissant la pr\u00e9servation totale des min\u00e9raux ch\u00e9lat\u00e9s. Aucun traitement chimique n\u2019est appliqu\u00e9.<\/p>\n","protected":false},"excerpt":{"rendered":"<h3><strong>Soutient le syst\u00e8me nerveux et la fonction musculaire, am\u00e9liore l\u2019ossature, \u00a0nos d\u00e9fenses naturelles et notre dentition<\/strong><\/h3>\n<p>&nbsp;<\/p>\n<p><img loading=\"lazy\" decoding=\"async\" class=\"alignnone size-full wp-image-545\" src=\"https:\/\/luxessentiel.org\/wp-content\/uploads\/2022\/06\/info_32px.png\" alt=\"\" width=\"32\" height=\"32\" \/> <em>3L ou 10L<\/em><\/p>\n<p><img loading=\"lazy\" decoding=\"async\" class=\"alignnone size-full wp-image-399\" src=\"https:\/\/luxessentiel.org\/wp-content\/uploads\/2022\/05\/natural_food_32px.png\" alt=\"\" width=\"32\" height=\"32\" \/>\u00a0 <em>L\u2019emballage, certifi\u00e9 sans phthalates et de la plus haute qualit\u00e9 alimentaire, r\u00e9duit la trace C02 d un facteur 10 par rapport \u00e0 un emballage en verre, et contribue ainsi \u00e0 pr\u00e9server l\u2019environnement.<br \/>\n<\/em><\/p>\n","protected":false},"featured_media":3741,"template":"","meta":{"site-sidebar-layout":"default","site-content-layout":"default","ast-site-content-layout":"default","site-content-style":"default","site-sidebar-style":"default","ast-global-header-display":"","ast-banner-title-visibility":"","ast-main-header-display":"","ast-hfb-above-header-display":"","ast-hfb-below-header-display":"","ast-hfb-mobile-header-display":"","site-post-title":"","ast-breadcrumbs-content":"","ast-featured-img":"","footer-sml-layout":"","theme-transparent-header-meta":"default","adv-header-id-meta":"","stick-header-meta":"","header-above-stick-meta":"","header-main-stick-meta":"","header-below-stick-meta":"","astra-migrate-meta-layouts":"set","ast-page-background-enabled":"default","ast-page-background-meta":{"desktop":{"background-color":"var(--ast-global-color-4)","background-image":"","background-repeat":"repeat","background-position":"center center","background-size":"auto","background-attachment":"scroll","background-type":"","background-media":"","overlay-type":"","overlay-color":"","overlay-opacity":"","overlay-gradient":""},"tablet":{"background-color":"","background-image":"","background-repeat":"repeat","background-position":"center center","background-size":"auto","background-attachment":"scroll","background-type":"","background-media":"","overlay-type":"","overlay-color":"","overlay-opacity":"","overlay-gradient":""},"mobile":{"background-color":"","background-image":"","background-repeat":"repeat","background-position":"center center","background-size":"auto","background-attachment":"scroll","background-type":"","background-media":"","overlay-type":"","overlay-color":"","overlay-opacity":"","overlay-gradient":""}},"ast-content-background-meta":{"desktop":{"background-color":"var(--ast-global-color-5)","background-image":"","background-repeat":"repeat","background-position":"center center","background-size":"auto","background-attachment":"scroll","background-type":"","background-media":"","overlay-type":"","overlay-color":"","overlay-opacity":"","overlay-gradient":""},"tablet":{"background-color":"var(--ast-global-color-5)","background-image":"","background-repeat":"repeat","background-position":"center center","background-size":"auto","background-attachment":"scroll","background-type":"","background-media":"","overlay-type":"","overlay-color":"","overlay-opacity":"","overlay-gradient":""},"mobile":{"background-color":"var(--ast-global-color-5)","background-image":"","background-repeat":"repeat","background-position":"center center","background-size":"auto","background-attachment":"scroll","background-type":"","background-media":"","overlay-type":"","overlay-color":"","overlay-opacity":"","overlay-gradient":""}}},"product_brand":[],"product_cat":[20],"product_tag":[],"class_list":{"0":"post-1183","1":"product","2":"type-product","3":"status-publish","4":"has-post-thumbnail","6":"product_cat-micronutrition","7":"desktop-align-left","8":"tablet-align-left","9":"mobile-align-left","11":"first","12":"instock","13":"taxable","14":"shipping-taxable","15":"purchasable","16":"product-type-variable"},"aioseo_notices":[],"jetpack-related-posts":[{"id":860,"url":"https:\/\/luxessentiel.org\/index.php\/produit\/l-silicium\/","url_meta":{"origin":1183,"position":0},"title":"L SILICIUM +","author":"luxessentiel_wp_adm","date":"23 juin 2022","format":false,"excerpt":"Participe au confort articulaire et musculaire Concentration exceptionnelle en silice organique 50 g\/L \u00a0 5 mL par jour \u00e0 diluer dans un verre d'eau \u00a0 Emballage 100% v\u00e9g\u00e9tal \u00a0 Produits Fran\u00e7ais","rel":"","context":"Article similaire","block_context":{"text":"Article similaire","link":""},"img":{"alt_text":"","src":"https:\/\/i0.wp.com\/luxessentiel.org\/wp-content\/uploads\/2022\/06\/02_LSILICIUM-scaled-1.jpg?resize=350%2C200&ssl=1","width":350,"height":200,"srcset":"https:\/\/i0.wp.com\/luxessentiel.org\/wp-content\/uploads\/2022\/06\/02_LSILICIUM-scaled-1.jpg?resize=350%2C200&ssl=1 1x, https:\/\/i0.wp.com\/luxessentiel.org\/wp-content\/uploads\/2022\/06\/02_LSILICIUM-scaled-1.jpg?resize=525%2C300&ssl=1 1.5x, https:\/\/i0.wp.com\/luxessentiel.org\/wp-content\/uploads\/2022\/06\/02_LSILICIUM-scaled-1.jpg?resize=700%2C400&ssl=1 2x, https:\/\/i0.wp.com\/luxessentiel.org\/wp-content\/uploads\/2022\/06\/02_LSILICIUM-scaled-1.jpg?resize=1050%2C600&ssl=1 3x, https:\/\/i0.wp.com\/luxessentiel.org\/wp-content\/uploads\/2022\/06\/02_LSILICIUM-scaled-1.jpg?resize=1400%2C800&ssl=1 4x"},"classes":[]},{"id":883,"url":"https:\/\/luxessentiel.org\/index.php\/produit\/l-pamplemousse\/","url_meta":{"origin":1183,"position":1},"title":"L PAMPLEMOUSSE","author":"luxessentiel_wp_adm","date":"23 juin 2022","format":false,"excerpt":"Renforce les d\u00e9fenses naturelles Extrait de p\u00e9pins de pamplemousses aux actions pr\u00e9ventives multiples 125 mL \u00a0 5 mL par jour \u00e0 diluer dans un verre d'eau \u00a0 Emballage 100% v\u00e9g\u00e9tal \u00a0 Produits Fran\u00e7ais","rel":"","context":"Article similaire","block_context":{"text":"Article similaire","link":""},"img":{"alt_text":"","src":"https:\/\/i0.wp.com\/luxessentiel.org\/wp-content\/uploads\/2022\/06\/05_LPAMPLEMOUSSE-scaled-1.jpg?resize=350%2C200&ssl=1","width":350,"height":200,"srcset":"https:\/\/i0.wp.com\/luxessentiel.org\/wp-content\/uploads\/2022\/06\/05_LPAMPLEMOUSSE-scaled-1.jpg?resize=350%2C200&ssl=1 1x, https:\/\/i0.wp.com\/luxessentiel.org\/wp-content\/uploads\/2022\/06\/05_LPAMPLEMOUSSE-scaled-1.jpg?resize=525%2C300&ssl=1 1.5x, https:\/\/i0.wp.com\/luxessentiel.org\/wp-content\/uploads\/2022\/06\/05_LPAMPLEMOUSSE-scaled-1.jpg?resize=700%2C400&ssl=1 2x, https:\/\/i0.wp.com\/luxessentiel.org\/wp-content\/uploads\/2022\/06\/05_LPAMPLEMOUSSE-scaled-1.jpg?resize=1050%2C600&ssl=1 3x, https:\/\/i0.wp.com\/luxessentiel.org\/wp-content\/uploads\/2022\/06\/05_LPAMPLEMOUSSE-scaled-1.jpg?resize=1400%2C800&ssl=1 4x"},"classes":[]},{"id":882,"url":"https:\/\/luxessentiel.org\/index.php\/produit\/l-imu-fluide\/","url_meta":{"origin":1183,"position":2},"title":"L IMU FLUIDE","author":"luxessentiel_wp_adm","date":"23 juin 2022","format":false,"excerpt":"Renforce les d\u00e9fenses naturelles Permet de r\u00e9sister aux affections hivernales 125 mL \u00a0 5 mL par jour \u00e0 diluer dans un verre d'eau \u00a0 Emballage 100% v\u00e9g\u00e9tal \u00a0 Produits Fran\u00e7ais","rel":"","context":"Article similaire","block_context":{"text":"Article similaire","link":""},"img":{"alt_text":"","src":"https:\/\/i0.wp.com\/luxessentiel.org\/wp-content\/uploads\/2022\/06\/05_LIMU-FLUIDE-scaled-1.jpg?resize=350%2C200&ssl=1","width":350,"height":200,"srcset":"https:\/\/i0.wp.com\/luxessentiel.org\/wp-content\/uploads\/2022\/06\/05_LIMU-FLUIDE-scaled-1.jpg?resize=350%2C200&ssl=1 1x, https:\/\/i0.wp.com\/luxessentiel.org\/wp-content\/uploads\/2022\/06\/05_LIMU-FLUIDE-scaled-1.jpg?resize=525%2C300&ssl=1 1.5x, https:\/\/i0.wp.com\/luxessentiel.org\/wp-content\/uploads\/2022\/06\/05_LIMU-FLUIDE-scaled-1.jpg?resize=700%2C400&ssl=1 2x, https:\/\/i0.wp.com\/luxessentiel.org\/wp-content\/uploads\/2022\/06\/05_LIMU-FLUIDE-scaled-1.jpg?resize=1050%2C600&ssl=1 3x, https:\/\/i0.wp.com\/luxessentiel.org\/wp-content\/uploads\/2022\/06\/05_LIMU-FLUIDE-scaled-1.jpg?resize=1400%2C800&ssl=1 4x"},"classes":[]},{"id":885,"url":"https:\/\/luxessentiel.org\/index.php\/produit\/l-depur-actifluid\/","url_meta":{"origin":1183,"position":3},"title":"L DEPUR ACTIFLUID","author":"luxessentiel_wp_adm","date":"23 juin 2022","format":false,"excerpt":"Draineur saisonnier am\u00e9liore le fonctionnement du foie Concentration exceptionnel 5ml \u00e9gal \u00e0 5 gr de plantes 50gr de plantes fra\u00eeches 125 mL \u00a0 5 mL par jour \u00e0 diluer dans un verre d\u2019eau \u00a0 Emballage 100% v\u00e9g\u00e9tal","rel":"","context":"Article similaire","block_context":{"text":"Article similaire","link":""},"img":{"alt_text":"","src":"https:\/\/i0.wp.com\/luxessentiel.org\/wp-content\/uploads\/2022\/06\/05_LDEPUR-ACTIFLUID-scaled-1.jpg?resize=350%2C200&ssl=1","width":350,"height":200,"srcset":"https:\/\/i0.wp.com\/luxessentiel.org\/wp-content\/uploads\/2022\/06\/05_LDEPUR-ACTIFLUID-scaled-1.jpg?resize=350%2C200&ssl=1 1x, https:\/\/i0.wp.com\/luxessentiel.org\/wp-content\/uploads\/2022\/06\/05_LDEPUR-ACTIFLUID-scaled-1.jpg?resize=525%2C300&ssl=1 1.5x, https:\/\/i0.wp.com\/luxessentiel.org\/wp-content\/uploads\/2022\/06\/05_LDEPUR-ACTIFLUID-scaled-1.jpg?resize=700%2C400&ssl=1 2x, https:\/\/i0.wp.com\/luxessentiel.org\/wp-content\/uploads\/2022\/06\/05_LDEPUR-ACTIFLUID-scaled-1.jpg?resize=1050%2C600&ssl=1 3x, https:\/\/i0.wp.com\/luxessentiel.org\/wp-content\/uploads\/2022\/06\/05_LDEPUR-ACTIFLUID-scaled-1.jpg?resize=1400%2C800&ssl=1 4x"},"classes":[]},{"id":856,"url":"https:\/\/luxessentiel.org\/index.php\/produit\/l-zinc\/","url_meta":{"origin":1183,"position":4},"title":"L ZINC","author":"luxessentiel_wp_adm","date":"23 juin 2022","format":false,"excerpt":"Soutien des d\u00e9fenses naturelles Accompagne les probl\u00e8mes de peau, les probl\u00e8mes de vision et soutient le moral 90 g\u00e9lules \u00a0 1 g\u00e9lule par jour \u00a0 Emballage 100% v\u00e9g\u00e9tal \u00a0 Produits Fran\u00e7ais","rel":"","context":"Article similaire","block_context":{"text":"Article similaire","link":""},"img":{"alt_text":"","src":"https:\/\/i0.wp.com\/luxessentiel.org\/wp-content\/uploads\/2022\/06\/01_LZINC-scaled-1.jpg?resize=350%2C200&ssl=1","width":350,"height":200,"srcset":"https:\/\/i0.wp.com\/luxessentiel.org\/wp-content\/uploads\/2022\/06\/01_LZINC-scaled-1.jpg?resize=350%2C200&ssl=1 1x, https:\/\/i0.wp.com\/luxessentiel.org\/wp-content\/uploads\/2022\/06\/01_LZINC-scaled-1.jpg?resize=525%2C300&ssl=1 1.5x, https:\/\/i0.wp.com\/luxessentiel.org\/wp-content\/uploads\/2022\/06\/01_LZINC-scaled-1.jpg?resize=700%2C400&ssl=1 2x, https:\/\/i0.wp.com\/luxessentiel.org\/wp-content\/uploads\/2022\/06\/01_LZINC-scaled-1.jpg?resize=1050%2C600&ssl=1 3x, https:\/\/i0.wp.com\/luxessentiel.org\/wp-content\/uploads\/2022\/06\/01_LZINC-scaled-1.jpg?resize=1400%2C800&ssl=1 4x"},"classes":[]},{"id":871,"url":"https:\/\/luxessentiel.org\/index.php\/produit\/l-spiruline\/","url_meta":{"origin":1183,"position":5},"title":"L SPIRULINE","author":"luxessentiel_wp_adm","date":"23 juin 2022","format":false,"excerpt":"Renforce les d\u00e9fenses naturelles Micro-algue monocellulaire riche en \u00e9l\u00e9ments nutritifs adapt\u00e9s au quotidien (sans additifs, 100% Bio) 300 comprim\u00e9s \u00a0 1 \u00e0 4 comprim\u00e9s par jour \u00a0 Emballage 100% v\u00e9g\u00e9tal \u00a0 Produits Fran\u00e7ais","rel":"","context":"Article similaire","block_context":{"text":"Article similaire","link":""},"img":{"alt_text":"","src":"https:\/\/i0.wp.com\/luxessentiel.org\/wp-content\/uploads\/2022\/06\/03_LSPIRULINE-scaled-1.jpg?resize=350%2C200&ssl=1","width":350,"height":200,"srcset":"https:\/\/i0.wp.com\/luxessentiel.org\/wp-content\/uploads\/2022\/06\/03_LSPIRULINE-scaled-1.jpg?resize=350%2C200&ssl=1 1x, https:\/\/i0.wp.com\/luxessentiel.org\/wp-content\/uploads\/2022\/06\/03_LSPIRULINE-scaled-1.jpg?resize=525%2C300&ssl=1 1.5x, https:\/\/i0.wp.com\/luxessentiel.org\/wp-content\/uploads\/2022\/06\/03_LSPIRULINE-scaled-1.jpg?resize=700%2C400&ssl=1 2x, https:\/\/i0.wp.com\/luxessentiel.org\/wp-content\/uploads\/2022\/06\/03_LSPIRULINE-scaled-1.jpg?resize=1050%2C600&ssl=1 3x, https:\/\/i0.wp.com\/luxessentiel.org\/wp-content\/uploads\/2022\/06\/03_LSPIRULINE-scaled-1.jpg?resize=1400%2C800&ssl=1 4x"},"classes":[]}],"jetpack_sharing_enabled":true,"_links":{"self":[{"href":"https:\/\/luxessentiel.org\/index.php\/wp-json\/wp\/v2\/product\/1183","targetHints":{"allow":["GET"]}}],"collection":[{"href":"https:\/\/luxessentiel.org\/index.php\/wp-json\/wp\/v2\/product"}],"about":[{"href":"https:\/\/luxessentiel.org\/index.php\/wp-json\/wp\/v2\/types\/product"}],"wp:featuredmedia":[{"embeddable":true,"href":"https:\/\/luxessentiel.org\/index.php\/wp-json\/wp\/v2\/media\/3741"}],"wp:attachment":[{"href":"https:\/\/luxessentiel.org\/index.php\/wp-json\/wp\/v2\/media?parent=1183"}],"wp:term":[{"taxonomy":"product_brand","embeddable":true,"href":"https:\/\/luxessentiel.org\/index.php\/wp-json\/wp\/v2\/product_brand?post=1183"},{"taxonomy":"product_cat","embeddable":true,"href":"https:\/\/luxessentiel.org\/index.php\/wp-json\/wp\/v2\/product_cat?post=1183"},{"taxonomy":"product_tag","embeddable":true,"href":"https:\/\/luxessentiel.org\/index.php\/wp-json\/wp\/v2\/product_tag?post=1183"}],"curies":[{"name":"wp","href":"https:\/\/api.w.org\/{rel}","templated":true}]}}