{"id":9,"date":"2022-05-13T15:45:08","date_gmt":"2022-05-13T13:45:08","guid":{"rendered":"http:\/\/luxessentiel.org\/mon-compte\/"},"modified":"2022-07-15T11:20:07","modified_gmt":"2022-07-15T09:20:07","slug":"mon-compte","status":"publish","type":"page","link":"https:\/\/luxessentiel.org\/index.php\/mon-compte\/","title":{"rendered":"Mon compte"},"content":{"rendered":"\n<div class=\"wp-block-cover alignfull is-light\" style=\"min-height:200px;aspect-ratio:unset;\"><span aria-hidden=\"true\" class=\"wp-block-cover__background has-background-dim-0 has-background-dim\"><\/span><img loading=\"lazy\" decoding=\"async\" width=\"2560\" height=\"1707\" class=\"wp-block-cover__image-background wp-image-1069\" alt=\"\" src=\"https:\/\/luxessentiel.org\/wp-content\/uploads\/2022\/07\/bruno-martins-k1_UO1MGszs-unsplash-2560x1707-1.jpg\" style=\"object-position:70% 76%\" data-object-fit=\"cover\" data-object-position=\"70% 76%\" srcset=\"https:\/\/luxessentiel.org\/wp-content\/uploads\/2022\/07\/bruno-martins-k1_UO1MGszs-unsplash-2560x1707-1.jpg 2560w, https:\/\/luxessentiel.org\/wp-content\/uploads\/2022\/07\/bruno-martins-k1_UO1MGszs-unsplash-2560x1707-1-300x200.jpg 300w, https:\/\/luxessentiel.org\/wp-content\/uploads\/2022\/07\/bruno-martins-k1_UO1MGszs-unsplash-2560x1707-1-1024x683.jpg 1024w, https:\/\/luxessentiel.org\/wp-content\/uploads\/2022\/07\/bruno-martins-k1_UO1MGszs-unsplash-2560x1707-1-768x512.jpg 768w, https:\/\/luxessentiel.org\/wp-content\/uploads\/2022\/07\/bruno-martins-k1_UO1MGszs-unsplash-2560x1707-1-1536x1024.jpg 1536w, https:\/\/luxessentiel.org\/wp-content\/uploads\/2022\/07\/bruno-martins-k1_UO1MGszs-unsplash-2560x1707-1-2048x1366.jpg 2048w, https:\/\/luxessentiel.org\/wp-content\/uploads\/2022\/07\/bruno-martins-k1_UO1MGszs-unsplash-2560x1707-1-1320x880.jpg 1320w, https:\/\/luxessentiel.org\/wp-content\/uploads\/2022\/07\/bruno-martins-k1_UO1MGszs-unsplash-2560x1707-1-800x533.jpg 800w\" sizes=\"auto, (max-width: 2560px) 100vw, 2560px\" \/><div class=\"wp-block-cover__inner-container is-layout-flow wp-block-cover-is-layout-flow\">\n<div class=\"inherit-container-width wp-block-group is-layout-constrained wp-block-group-is-layout-constrained\" style=\"padding-top:40px\">\n<h2 class=\"has-text-align-center wp-block-heading\" style=\"margin-right:15%;margin-left:15%\">Mon <strong>compte<\/strong><\/h2>\n\n\n\n<hr class=\"wp-block-separator has-text-color has-css-opacity has-background is-style-default\" style=\"background-color:#fce762;color:#fce762\" \/>\n<\/div>\n<\/div><\/div>\n\n\n\n<div style=\"height:50px\" aria-hidden=\"true\" class=\"wp-block-spacer\"><\/div>\n\n\n\n<div class=\"wp-block-group alignwide is-layout-flow wp-block-group-is-layout-flow\" style=\"padding-top:0px;padding-right:20px;padding-bottom:0px;padding-left:20px\"><div class=\"woocommerce\"><\/div>\n<\/div>\n","protected":false},"excerpt":{"rendered":"","protected":false},"author":1,"featured_media":0,"parent":0,"menu_order":0,"comment_status":"closed","ping_status":"closed","template":"","meta":{"site-sidebar-layout":"default","site-content-layout":"","ast-site-content-layout":"default","site-content-style":"default","site-sidebar-style":"default","ast-global-header-display":"","ast-banner-title-visibility":"","ast-main-header-display":"","ast-hfb-above-header-display":"","ast-hfb-below-header-display":"","ast-hfb-mobile-header-display":"","site-post-title":"disabled","ast-breadcrumbs-content":"","ast-featured-img":"","footer-sml-layout":"","theme-transparent-header-meta":"","adv-header-id-meta":"","stick-header-meta":"","header-above-stick-meta":"","header-main-stick-meta":"","header-below-stick-meta":"","astra-migrate-meta-layouts":"default","ast-page-background-enabled":"default","ast-page-background-meta":{"desktop":{"background-color":"var(--ast-global-color-4)","background-image":"","background-repeat":"repeat","background-position":"center center","background-size":"auto","background-attachment":"scroll","background-type":"","background-media":"","overlay-type":"","overlay-color":"","overlay-opacity":"","overlay-gradient":""},"tablet":{"background-color":"","background-image":"","background-repeat":"repeat","background-position":"center center","background-size":"auto","background-attachment":"scroll","background-type":"","background-media":"","overlay-type":"","overlay-color":"","overlay-opacity":"","overlay-gradient":""},"mobile":{"background-color":"","background-image":"","background-repeat":"repeat","background-position":"center center","background-size":"auto","background-attachment":"scroll","background-type":"","background-media":"","overlay-type":"","overlay-color":"","overlay-opacity":"","overlay-gradient":""}},"ast-content-background-meta":{"desktop":{"background-color":"var(--ast-global-color-5)","background-image":"","background-repeat":"repeat","background-position":"center center","background-size":"auto","background-attachment":"scroll","background-type":"","background-media":"","overlay-type":"","overlay-color":"","overlay-opacity":"","overlay-gradient":""},"tablet":{"background-color":"var(--ast-global-color-5)","background-image":"","background-repeat":"repeat","background-position":"center center","background-size":"auto","background-attachment":"scroll","background-type":"","background-media":"","overlay-type":"","overlay-color":"","overlay-opacity":"","overlay-gradient":""},"mobile":{"background-color":"var(--ast-global-color-5)","background-image":"","background-repeat":"repeat","background-position":"center center","background-size":"auto","background-attachment":"scroll","background-type":"","background-media":"","overlay-type":"","overlay-color":"","overlay-opacity":"","overlay-gradient":""}},"footnotes":""},"class_list":["post-9","page","type-page","status-publish","hentry"],"aioseo_notices":[],"jetpack-related-posts":[{"id":102,"url":"https:\/\/luxessentiel.org\/index.php\/conditions-generales-de-vente\/","url_meta":{"origin":9,"position":0},"title":"Conditions g\u00e9n\u00e9rales de vente","author":"luxessentiel_wp_adm","date":"16 mai 2022","format":false,"excerpt":"Conditions g\u00e9n\u00e9rales de vente 1. Champ d\u2019application Les pr\u00e9sentes conditions de vente s\u2019appliquent, sans restriction ni r\u00e9serve \u00e0 l\u2019ensemble des ventes conclues entre, d\u2019une part la soci\u00e9t\u00e9 LUXESSENTIEL, soci\u00e9t\u00e9 par actions simplifi\u00e9e, immatricul\u00e9e au registre du commerce et des soci\u00e9t\u00e9s de Tours, sous le num\u00e9ro\u00a0833065964, dont le si\u00e8ge social est\u2026","rel":"","context":"Article similaire","block_context":{"text":"Article similaire","link":""},"img":{"alt_text":"","src":"https:\/\/i0.wp.com\/luxessentiel.org\/wp-content\/uploads\/2022\/06\/Contact_CGV-02.jpg?resize=350%2C200","width":350,"height":200},"classes":[]}],"jetpack_sharing_enabled":true,"_links":{"self":[{"href":"https:\/\/luxessentiel.org\/index.php\/wp-json\/wp\/v2\/pages\/9","targetHints":{"allow":["GET"]}}],"collection":[{"href":"https:\/\/luxessentiel.org\/index.php\/wp-json\/wp\/v2\/pages"}],"about":[{"href":"https:\/\/luxessentiel.org\/index.php\/wp-json\/wp\/v2\/types\/page"}],"author":[{"embeddable":true,"href":"https:\/\/luxessentiel.org\/index.php\/wp-json\/wp\/v2\/users\/1"}],"replies":[{"embeddable":true,"href":"https:\/\/luxessentiel.org\/index.php\/wp-json\/wp\/v2\/comments?post=9"}],"version-history":[{"count":8,"href":"https:\/\/luxessentiel.org\/index.php\/wp-json\/wp\/v2\/pages\/9\/revisions"}],"predecessor-version":[{"id":1074,"href":"https:\/\/luxessentiel.org\/index.php\/wp-json\/wp\/v2\/pages\/9\/revisions\/1074"}],"wp:attachment":[{"href":"https:\/\/luxessentiel.org\/index.php\/wp-json\/wp\/v2\/media?parent=9"}],"curies":[{"name":"wp","href":"https:\/\/api.w.org\/{rel}","templated":true}]}}