{"id":42,"date":"2022-05-13T17:04:34","date_gmt":"2022-05-13T15:04:34","guid":{"rendered":"http:\/\/luxessentiel.org\/?page_id=42"},"modified":"2022-07-15T11:14:51","modified_gmt":"2022-07-15T09:14:51","slug":"contact","status":"publish","type":"page","link":"https:\/\/luxessentiel.org\/index.php\/contact\/","title":{"rendered":"Contact"},"content":{"rendered":"\n<div class=\"wp-block-cover alignfull is-light\" style=\"min-height:200px;aspect-ratio:unset;\"><span aria-hidden=\"true\" class=\"wp-block-cover__background has-background-dim-0 has-background-dim\"><\/span><img loading=\"lazy\" decoding=\"async\" width=\"2560\" height=\"1707\" class=\"wp-block-cover__image-background wp-image-1031\" alt=\"\" src=\"https:\/\/luxessentiel.org\/wp-content\/uploads\/2022\/07\/adriel-kloppenburg-7XbxVv9xC_8-unsplash-2-scaled.jpg\" style=\"object-position:53% 68%\" data-object-fit=\"cover\" data-object-position=\"53% 68%\" srcset=\"https:\/\/luxessentiel.org\/wp-content\/uploads\/2022\/07\/adriel-kloppenburg-7XbxVv9xC_8-unsplash-2-scaled.jpg 2560w, https:\/\/luxessentiel.org\/wp-content\/uploads\/2022\/07\/adriel-kloppenburg-7XbxVv9xC_8-unsplash-2-300x200.jpg 300w, https:\/\/luxessentiel.org\/wp-content\/uploads\/2022\/07\/adriel-kloppenburg-7XbxVv9xC_8-unsplash-2-1024x683.jpg 1024w, https:\/\/luxessentiel.org\/wp-content\/uploads\/2022\/07\/adriel-kloppenburg-7XbxVv9xC_8-unsplash-2-768x512.jpg 768w, https:\/\/luxessentiel.org\/wp-content\/uploads\/2022\/07\/adriel-kloppenburg-7XbxVv9xC_8-unsplash-2-1536x1024.jpg 1536w, https:\/\/luxessentiel.org\/wp-content\/uploads\/2022\/07\/adriel-kloppenburg-7XbxVv9xC_8-unsplash-2-2048x1365.jpg 2048w, https:\/\/luxessentiel.org\/wp-content\/uploads\/2022\/07\/adriel-kloppenburg-7XbxVv9xC_8-unsplash-2-1320x880.jpg 1320w, https:\/\/luxessentiel.org\/wp-content\/uploads\/2022\/07\/adriel-kloppenburg-7XbxVv9xC_8-unsplash-2-800x533.jpg 800w\" sizes=\"auto, (max-width: 2560px) 100vw, 2560px\" \/><div class=\"wp-block-cover__inner-container is-layout-flow wp-block-cover-is-layout-flow\">\n<div class=\"inherit-container-width wp-block-group is-layout-constrained wp-block-group-is-layout-constrained\" style=\"padding-top:40px\">\n<h2 class=\"has-text-align-center wp-block-heading\" style=\"margin-top:0%;margin-right:15%;margin-bottom:0%;margin-left:15%\"><strong>Contactez<\/strong>-nous !<\/h2>\n\n\n\n<hr class=\"wp-block-separator has-text-color has-css-opacity has-background is-style-default\" style=\"background-color:#fce762;color:#fce762\" \/>\n<\/div>\n<\/div><\/div>\n\n\n\n<div style=\"height:50px\" aria-hidden=\"true\" class=\"wp-block-spacer\"><\/div>\n\n\n\n<div class=\"wp-block-columns alignwide has-background is-layout-flex wp-container-core-columns-is-layout-c6bc58be wp-block-columns-is-layout-flex\" style=\"background-color:#ffffff75;padding-top:0px;padding-right:0px;padding-bottom:0px;padding-left:0px\">\n<div class=\"wp-block-column is-layout-flow wp-block-column-is-layout-flow\" style=\"padding-top:20px;padding-right:0%;padding-bottom:5%;padding-left:0%;flex-basis:30%\">\n<figure class=\"wp-block-image aligncenter size-full\"><img loading=\"lazy\" decoding=\"async\" width=\"317\" height=\"188\" src=\"https:\/\/luxessentiel.org\/wp-content\/uploads\/2022\/07\/Contact_page.jpg\" alt=\"\" class=\"wp-image-1046\" srcset=\"https:\/\/luxessentiel.org\/wp-content\/uploads\/2022\/07\/Contact_page.jpg 317w, https:\/\/luxessentiel.org\/wp-content\/uploads\/2022\/07\/Contact_page-300x178.jpg 300w\" sizes=\"auto, (max-width: 317px) 100vw, 317px\" \/><\/figure>\n<\/div>\n\n\n\n<div class=\"wp-block-column is-vertically-aligned-top is-layout-constrained wp-container-core-column-is-layout-75ba6102 wp-block-column-is-layout-constrained\" style=\"padding-right:20px;padding-left:20px;flex-basis:65%\"><div class=\"wp-block-jetpack-contact-form is-layout-flex wp-container-jetpack-contact-form-is-layout-2b4208ba wp-block-jetpack-contact-form-is-layout-flex\"><a href=\"https:\/\/luxessentiel.org\/index.php\/contact\/\" target=\"_blank\" rel=\"noopener noreferrer\">Soumettre un formulaire.<\/a><\/div><\/div>\n<\/div>\n\n\n\n<div style=\"height:5em\" aria-hidden=\"true\" class=\"wp-block-spacer\"><\/div>\n\n\n\n<p><\/p>\n","protected":false},"excerpt":{"rendered":"","protected":false},"author":1,"featured_media":0,"parent":0,"menu_order":0,"comment_status":"closed","ping_status":"closed","template":"","meta":{"site-sidebar-layout":"default","site-content-layout":"","ast-site-content-layout":"default","site-content-style":"default","site-sidebar-style":"default","ast-global-header-display":"","ast-banner-title-visibility":"","ast-main-header-display":"","ast-hfb-above-header-display":"","ast-hfb-below-header-display":"","ast-hfb-mobile-header-display":"","site-post-title":"disabled","ast-breadcrumbs-content":"","ast-featured-img":"","footer-sml-layout":"","theme-transparent-header-meta":"","adv-header-id-meta":"","stick-header-meta":"","header-above-stick-meta":"","header-main-stick-meta":"","header-below-stick-meta":"","astra-migrate-meta-layouts":"default","ast-page-background-enabled":"default","ast-page-background-meta":{"desktop":{"background-color":"var(--ast-global-color-4)","background-image":"","background-repeat":"repeat","background-position":"center center","background-size":"auto","background-attachment":"scroll","background-type":"","background-media":"","overlay-type":"","overlay-color":"","overlay-opacity":"","overlay-gradient":""},"tablet":{"background-color":"","background-image":"","background-repeat":"repeat","background-position":"center center","background-size":"auto","background-attachment":"scroll","background-type":"","background-media":"","overlay-type":"","overlay-color":"","overlay-opacity":"","overlay-gradient":""},"mobile":{"background-color":"","background-image":"","background-repeat":"repeat","background-position":"center center","background-size":"auto","background-attachment":"scroll","background-type":"","background-media":"","overlay-type":"","overlay-color":"","overlay-opacity":"","overlay-gradient":""}},"ast-content-background-meta":{"desktop":{"background-color":"var(--ast-global-color-5)","background-image":"","background-repeat":"repeat","background-position":"center center","background-size":"auto","background-attachment":"scroll","background-type":"","background-media":"","overlay-type":"","overlay-color":"","overlay-opacity":"","overlay-gradient":""},"tablet":{"background-color":"var(--ast-global-color-5)","background-image":"","background-repeat":"repeat","background-position":"center center","background-size":"auto","background-attachment":"scroll","background-type":"","background-media":"","overlay-type":"","overlay-color":"","overlay-opacity":"","overlay-gradient":""},"mobile":{"background-color":"var(--ast-global-color-5)","background-image":"","background-repeat":"repeat","background-position":"center center","background-size":"auto","background-attachment":"scroll","background-type":"","background-media":"","overlay-type":"","overlay-color":"","overlay-opacity":"","overlay-gradient":""}},"footnotes":""},"class_list":["post-42","page","type-page","status-publish","hentry"],"aioseo_notices":[],"jetpack-related-posts":[{"id":1020,"url":"https:\/\/luxessentiel.org\/index.php\/informations-personnelles\/","url_meta":{"origin":42,"position":0},"title":"Informations personnelles","author":"Paul RAMIARA","date":"15 juillet 2022","format":false,"excerpt":"Informations personnelles Pour toute demande d'information relative \u00e0 vos donn\u00e9es personnelles, n'h\u00e9sitez pas \u00e0 nous contacter !","rel":"","context":"Article similaire","block_context":{"text":"Article similaire","link":""},"img":{"alt_text":"","src":"https:\/\/i0.wp.com\/luxessentiel.org\/wp-content\/uploads\/2022\/07\/adriel-kloppenburg-7XbxVv9xC_8-unsplash-2-scaled.jpg?resize=350%2C200","width":350,"height":200,"srcset":"https:\/\/i0.wp.com\/luxessentiel.org\/wp-content\/uploads\/2022\/07\/adriel-kloppenburg-7XbxVv9xC_8-unsplash-2-scaled.jpg?resize=350%2C200 1x, https:\/\/i0.wp.com\/luxessentiel.org\/wp-content\/uploads\/2022\/07\/adriel-kloppenburg-7XbxVv9xC_8-unsplash-2-scaled.jpg?resize=525%2C300 1.5x, https:\/\/i0.wp.com\/luxessentiel.org\/wp-content\/uploads\/2022\/07\/adriel-kloppenburg-7XbxVv9xC_8-unsplash-2-scaled.jpg?resize=700%2C400 2x, https:\/\/i0.wp.com\/luxessentiel.org\/wp-content\/uploads\/2022\/07\/adriel-kloppenburg-7XbxVv9xC_8-unsplash-2-scaled.jpg?resize=1050%2C600 3x, https:\/\/i0.wp.com\/luxessentiel.org\/wp-content\/uploads\/2022\/07\/adriel-kloppenburg-7XbxVv9xC_8-unsplash-2-scaled.jpg?resize=1400%2C800 4x"},"classes":[]},{"id":756,"url":"https:\/\/luxessentiel.org\/","url_meta":{"origin":42,"position":1},"title":"Accueil","author":"luxessentiel_wp_adm","date":"13 mai 2022","format":false,"excerpt":"LA NATURE\u00c0 L'\u0152UVRE D\u00e9couvrez notre partition de compl\u00e9mentsalimentaires \u00e9clair\u00e9e et chaleureuse pourl\u2019\u00e9quilibre de votre terrain D\u00e9couvrez nos produits Nos produits phares Le bien-\u00eatre \u00e9volue dans le temps, d\u00e9couvrez nos produits du moment ! D\u00e9couvrez tous nos produits Des th\u00e9rapeutes pour vous conseiller Nous travaillons en \u00e9troite relation avec des professionnels\u2026","rel":"","context":"Article similaire","block_context":{"text":"Article similaire","link":""},"img":{"alt_text":"","src":"https:\/\/i0.wp.com\/luxessentiel.org\/wp-content\/uploads\/2022\/06\/05_LIMU-FLUIDE-scaled-1.jpg?resize=350%2C200&ssl=1","width":350,"height":200,"srcset":"https:\/\/i0.wp.com\/luxessentiel.org\/wp-content\/uploads\/2022\/06\/05_LIMU-FLUIDE-scaled-1.jpg?resize=350%2C200&ssl=1 1x, https:\/\/i0.wp.com\/luxessentiel.org\/wp-content\/uploads\/2022\/06\/05_LIMU-FLUIDE-scaled-1.jpg?resize=525%2C300&ssl=1 1.5x, https:\/\/i0.wp.com\/luxessentiel.org\/wp-content\/uploads\/2022\/06\/05_LIMU-FLUIDE-scaled-1.jpg?resize=700%2C400&ssl=1 2x, https:\/\/i0.wp.com\/luxessentiel.org\/wp-content\/uploads\/2022\/06\/05_LIMU-FLUIDE-scaled-1.jpg?resize=1050%2C600&ssl=1 3x, https:\/\/i0.wp.com\/luxessentiel.org\/wp-content\/uploads\/2022\/06\/05_LIMU-FLUIDE-scaled-1.jpg?resize=1400%2C800&ssl=1 4x"},"classes":[]},{"id":1122,"url":"https:\/\/luxessentiel.org\/index.php\/mentions-legales\/","url_meta":{"origin":42,"position":2},"title":"Mentions l\u00e9gales","author":"Paul RAMIARA","date":"12 septembre 2022","format":false,"excerpt":"Mentions l\u00e9gales 1. Pr\u00e9sentation du site. En vertu de l'article 6 de la loi n\u00b0 2004-575 du 21 juin 2004 pour la confiance dans l'\u00e9conomie num\u00e9rique, il est pr\u00e9cis\u00e9 aux utilisateurs du site\u00a0LUXESSENTIEL\u00a0l'identit\u00e9 des diff\u00e9rents intervenants dans le cadre de sa r\u00e9alisation et de son suivi : Propri\u00e9taire\u00a0: LUXESSENTIEL \u2013\u2026","rel":"","context":"Article similaire","block_context":{"text":"Article similaire","link":""},"img":{"alt_text":"","src":"https:\/\/i0.wp.com\/luxessentiel.org\/wp-content\/uploads\/2022\/06\/Contact_CGV-02.jpg?resize=350%2C200","width":350,"height":200},"classes":[]}],"jetpack_sharing_enabled":true,"_links":{"self":[{"href":"https:\/\/luxessentiel.org\/index.php\/wp-json\/wp\/v2\/pages\/42","targetHints":{"allow":["GET"]}}],"collection":[{"href":"https:\/\/luxessentiel.org\/index.php\/wp-json\/wp\/v2\/pages"}],"about":[{"href":"https:\/\/luxessentiel.org\/index.php\/wp-json\/wp\/v2\/types\/page"}],"author":[{"embeddable":true,"href":"https:\/\/luxessentiel.org\/index.php\/wp-json\/wp\/v2\/users\/1"}],"replies":[{"embeddable":true,"href":"https:\/\/luxessentiel.org\/index.php\/wp-json\/wp\/v2\/comments?post=42"}],"version-history":[{"count":26,"href":"https:\/\/luxessentiel.org\/index.php\/wp-json\/wp\/v2\/pages\/42\/revisions"}],"predecessor-version":[{"id":1054,"href":"https:\/\/luxessentiel.org\/index.php\/wp-json\/wp\/v2\/pages\/42\/revisions\/1054"}],"wp:attachment":[{"href":"https:\/\/luxessentiel.org\/index.php\/wp-json\/wp\/v2\/media?parent=42"}],"curies":[{"name":"wp","href":"https:\/\/api.w.org\/{rel}","templated":true}]}}